{"id":1370,"date":"2019-03-25T01:48:20","date_gmt":"2019-03-25T01:48:20","guid":{"rendered":"https:\/\/viladoconde.com\/?post_type=product&#038;p=1370"},"modified":"2019-07-15T12:15:58","modified_gmt":"2019-07-15T12:15:58","slug":"vista-aerea-postal","status":"publish","type":"product","link":"https:\/\/viladoconde.com\/en\/produto\/vista-aerea-postal\/","title":{"rendered":"Vista A\u00e9rea &#8211; postal"},"content":{"rendered":"","protected":false},"excerpt":{"rendered":"<p><strong>Edi\u00e7\u00e3o\/Colec\u00e7\u00e3o<\/strong>: Edi\u00e7\u00e3o dos Servi\u00e7os de Turismo da C\u00e2mara Municipal de Vila do Conde<br \/>\n<strong>Descri\u00e7\u00e3o<\/strong>: vista a\u00e9rea desde a Igreja da Miseric\u00f3rdia at\u00e9 Azurara<\/p>\n","protected":false},"featured_media":702,"template":"","meta":[],"product_cat":[73],"product_tag":[108,94,74,75],"class_list":["post-1370","product","type-product","status-publish","has-post-thumbnail","hentry","product_cat-postais-fotos-imagens","product_tag-azurara","product_tag-misericordia","product_tag-mosteiro","product_tag-rio"],"_links":{"self":[{"href":"https:\/\/viladoconde.com\/en\/wp-json\/wp\/v2\/product\/1370","targetHints":{"allow":["GET"]}}],"collection":[{"href":"https:\/\/viladoconde.com\/en\/wp-json\/wp\/v2\/product"}],"about":[{"href":"https:\/\/viladoconde.com\/en\/wp-json\/wp\/v2\/types\/product"}],"wp:featuredmedia":[{"embeddable":true,"href":"https:\/\/viladoconde.com\/en\/wp-json\/wp\/v2\/media\/702"}],"wp:attachment":[{"href":"https:\/\/viladoconde.com\/en\/wp-json\/wp\/v2\/media?parent=1370"}],"wp:term":[{"taxonomy":"product_cat","embeddable":true,"href":"https:\/\/viladoconde.com\/en\/wp-json\/wp\/v2\/product_cat?post=1370"},{"taxonomy":"product_tag","embeddable":true,"href":"https:\/\/viladoconde.com\/en\/wp-json\/wp\/v2\/product_tag?post=1370"}],"curies":[{"name":"wp","href":"https:\/\/api.w.org\/{rel}","templated":true}]}}