{"id":1373,"date":"2019-03-25T02:18:45","date_gmt":"2019-03-25T02:18:45","guid":{"rendered":"https:\/\/viladoconde.com\/?post_type=product&#038;p=1373"},"modified":"2019-07-15T12:15:58","modified_gmt":"2019-07-15T12:15:58","slug":"fonte-do-claustro-postal","status":"publish","type":"product","link":"https:\/\/viladoconde.com\/en\/produto\/fonte-do-claustro-postal\/","title":{"rendered":"Fonte do Claustro &#8211; postal"},"content":{"rendered":"","protected":false},"excerpt":{"rendered":"<p><strong>Edi\u00e7\u00e3o\/Colec\u00e7\u00e3o<\/strong>: Edi\u00e7\u00e3o dos Servi\u00e7os de Turismo da C\u00e2mara Municipal de Vila do Conde<br \/>\n<strong>Descri\u00e7\u00e3o<\/strong>: Fonte do claustro do Mosteiro de Santa Clara<\/p>\n","protected":false},"featured_media":704,"template":"","meta":[],"product_cat":[73],"product_tag":[78,74],"class_list":["post-1373","product","type-product","status-publish","has-post-thumbnail","hentry","product_cat-postais-fotos-imagens","product_tag-fonte","product_tag-mosteiro"],"_links":{"self":[{"href":"https:\/\/viladoconde.com\/en\/wp-json\/wp\/v2\/product\/1373","targetHints":{"allow":["GET"]}}],"collection":[{"href":"https:\/\/viladoconde.com\/en\/wp-json\/wp\/v2\/product"}],"about":[{"href":"https:\/\/viladoconde.com\/en\/wp-json\/wp\/v2\/types\/product"}],"wp:featuredmedia":[{"embeddable":true,"href":"https:\/\/viladoconde.com\/en\/wp-json\/wp\/v2\/media\/704"}],"wp:attachment":[{"href":"https:\/\/viladoconde.com\/en\/wp-json\/wp\/v2\/media?parent=1373"}],"wp:term":[{"taxonomy":"product_cat","embeddable":true,"href":"https:\/\/viladoconde.com\/en\/wp-json\/wp\/v2\/product_cat?post=1373"},{"taxonomy":"product_tag","embeddable":true,"href":"https:\/\/viladoconde.com\/en\/wp-json\/wp\/v2\/product_tag?post=1373"}],"curies":[{"name":"wp","href":"https:\/\/api.w.org\/{rel}","templated":true}]}}