{"id":1377,"date":"2019-03-25T03:01:59","date_gmt":"2019-03-25T03:01:59","guid":{"rendered":"https:\/\/viladoconde.com\/?post_type=product&#038;p=1377"},"modified":"2019-07-15T12:15:58","modified_gmt":"2019-07-15T12:15:58","slug":"portico-da-igreja-matriz-imagem-em-pedra-de-anca-postal","status":"publish","type":"product","link":"https:\/\/viladoconde.com\/en\/produto\/portico-da-igreja-matriz-imagem-em-pedra-de-anca-postal\/","title":{"rendered":"P\u00f3rtico da Igreja Matriz \/ Imagem em Pedra de An\u00e7\u00e3 &#8211; postal"},"content":{"rendered":"","protected":false},"excerpt":{"rendered":"<p><strong>Edi\u00e7\u00e3o\/Colec\u00e7\u00e3o<\/strong>: Edi\u00e7\u00e3o dos Servi\u00e7os de Turismo da C\u00e2mara Municipal de Vila do Conde<br \/>\n<strong>Descri\u00e7\u00e3o<\/strong>: P\u00f3rtico da Igreja Matriz, imagem em pedra de An\u00e7\u00e3<\/p>\n","protected":false},"featured_media":708,"template":"","meta":[],"product_cat":[73],"product_tag":[79],"class_list":["post-1377","product","type-product","status-publish","has-post-thumbnail","hentry","product_cat-postais-fotos-imagens","product_tag-matriz"],"_links":{"self":[{"href":"https:\/\/viladoconde.com\/en\/wp-json\/wp\/v2\/product\/1377","targetHints":{"allow":["GET"]}}],"collection":[{"href":"https:\/\/viladoconde.com\/en\/wp-json\/wp\/v2\/product"}],"about":[{"href":"https:\/\/viladoconde.com\/en\/wp-json\/wp\/v2\/types\/product"}],"wp:featuredmedia":[{"embeddable":true,"href":"https:\/\/viladoconde.com\/en\/wp-json\/wp\/v2\/media\/708"}],"wp:attachment":[{"href":"https:\/\/viladoconde.com\/en\/wp-json\/wp\/v2\/media?parent=1377"}],"wp:term":[{"taxonomy":"product_cat","embeddable":true,"href":"https:\/\/viladoconde.com\/en\/wp-json\/wp\/v2\/product_cat?post=1377"},{"taxonomy":"product_tag","embeddable":true,"href":"https:\/\/viladoconde.com\/en\/wp-json\/wp\/v2\/product_tag?post=1377"}],"curies":[{"name":"wp","href":"https:\/\/api.w.org\/{rel}","templated":true}]}}