{"id":1381,"date":"2019-03-25T03:41:14","date_gmt":"2019-03-25T03:41:14","guid":{"rendered":"https:\/\/viladoconde.com\/?post_type=product&#038;p=1381"},"modified":"2019-07-15T12:15:58","modified_gmt":"2019-07-15T12:15:58","slug":"tapetes-de-flores-festa-do-corpo-de-deus-festas-de-sao-joao-postal","status":"publish","type":"product","link":"https:\/\/viladoconde.com\/en\/produto\/tapetes-de-flores-festa-do-corpo-de-deus-festas-de-sao-joao-postal\/","title":{"rendered":"Tapetes de Flores (Festa do Corpo de Deus) \/ Festas de S\u00e3o Jo\u00e3o  &#8211; postal"},"content":{"rendered":"","protected":false},"excerpt":{"rendered":"<p><strong>Edi\u00e7\u00e3o\/Colec\u00e7\u00e3o<\/strong>: Edi\u00e7\u00e3o dos Servi\u00e7os de Turismo da C\u00e2mara Municipal de Vila do Conde<br \/>\n<strong>Descri\u00e7\u00e3o<\/strong>: Tapetes de Flores (Festa do Corpo de Deus) \/ Festas de S\u00e3o Jo\u00e3o, decora\u00e7\u00f5es na Pra\u00e7a da Rep\u00fablica e Mosteiro em segundo plano<\/p>\n","protected":false},"featured_media":714,"template":"","meta":[],"product_cat":[73],"product_tag":[84,85,74,83,76],"class_list":["post-1381","product","type-product","status-publish","has-post-thumbnail","hentry","product_cat-postais-fotos-imagens","product_tag-corpo-de-deus","product_tag-festas","product_tag-mosteiro","product_tag-sao-joao","product_tag-terreiro"],"_links":{"self":[{"href":"https:\/\/viladoconde.com\/en\/wp-json\/wp\/v2\/product\/1381","targetHints":{"allow":["GET"]}}],"collection":[{"href":"https:\/\/viladoconde.com\/en\/wp-json\/wp\/v2\/product"}],"about":[{"href":"https:\/\/viladoconde.com\/en\/wp-json\/wp\/v2\/types\/product"}],"wp:featuredmedia":[{"embeddable":true,"href":"https:\/\/viladoconde.com\/en\/wp-json\/wp\/v2\/media\/714"}],"wp:attachment":[{"href":"https:\/\/viladoconde.com\/en\/wp-json\/wp\/v2\/media?parent=1381"}],"wp:term":[{"taxonomy":"product_cat","embeddable":true,"href":"https:\/\/viladoconde.com\/en\/wp-json\/wp\/v2\/product_cat?post=1381"},{"taxonomy":"product_tag","embeddable":true,"href":"https:\/\/viladoconde.com\/en\/wp-json\/wp\/v2\/product_tag?post=1381"}],"curies":[{"name":"wp","href":"https:\/\/api.w.org\/{rel}","templated":true}]}}