{"id":1382,"date":"2019-03-25T03:43:51","date_gmt":"2019-03-25T03:43:51","guid":{"rendered":"https:\/\/viladoconde.com\/?post_type=product&#038;p=1382"},"modified":"2019-07-15T12:15:58","modified_gmt":"2019-07-15T12:15:58","slug":"estaleiros-navais-caravela-pormenor-do-cavername-postal","status":"publish","type":"product","link":"https:\/\/viladoconde.com\/en\/produto\/estaleiros-navais-caravela-pormenor-do-cavername-postal\/","title":{"rendered":"Estaleiros Navais &#8211; Caravela \/ Pormenor do Cavername &#8211; postal"},"content":{"rendered":"","protected":false},"excerpt":{"rendered":"<p><strong>Edi\u00e7\u00e3o\/Colec\u00e7\u00e3o<\/strong>: Edi\u00e7\u00e3o dos Servi\u00e7os de Turismo da C\u00e2mara Municipal de Vila do Conde<br \/>\n<strong>Descri\u00e7\u00e3o<\/strong>: Estaleiros Navais &#8211; Caravela \/ Pormenor do Cavername<\/p>\n","protected":false},"featured_media":716,"template":"","meta":[],"product_cat":[73],"product_tag":[87,86],"class_list":["post-1382","product","type-product","status-publish","has-post-thumbnail","hentry","product_cat-postais-fotos-imagens","product_tag-caravela","product_tag-estaleiros"],"_links":{"self":[{"href":"https:\/\/viladoconde.com\/en\/wp-json\/wp\/v2\/product\/1382","targetHints":{"allow":["GET"]}}],"collection":[{"href":"https:\/\/viladoconde.com\/en\/wp-json\/wp\/v2\/product"}],"about":[{"href":"https:\/\/viladoconde.com\/en\/wp-json\/wp\/v2\/types\/product"}],"wp:featuredmedia":[{"embeddable":true,"href":"https:\/\/viladoconde.com\/en\/wp-json\/wp\/v2\/media\/716"}],"wp:attachment":[{"href":"https:\/\/viladoconde.com\/en\/wp-json\/wp\/v2\/media?parent=1382"}],"wp:term":[{"taxonomy":"product_cat","embeddable":true,"href":"https:\/\/viladoconde.com\/en\/wp-json\/wp\/v2\/product_cat?post=1382"},{"taxonomy":"product_tag","embeddable":true,"href":"https:\/\/viladoconde.com\/en\/wp-json\/wp\/v2\/product_tag?post=1382"}],"curies":[{"name":"wp","href":"https:\/\/api.w.org\/{rel}","templated":true}]}}