{"id":1387,"date":"2019-03-25T04:01:30","date_gmt":"2019-03-25T04:01:30","guid":{"rendered":"https:\/\/viladoconde.com\/?post_type=product&#038;p=1387"},"modified":"2019-07-15T12:15:57","modified_gmt":"2019-07-15T12:15:57","slug":"praia-da-senhora-da-guia-postal-aguarela","status":"publish","type":"product","link":"https:\/\/viladoconde.com\/en\/produto\/praia-da-senhora-da-guia-postal-aguarela\/","title":{"rendered":"Praia da Senhora da Guia &#8211; postal \/ aguarela"},"content":{"rendered":"","protected":false},"excerpt":{"rendered":"<p><strong>Edi\u00e7\u00e3o\/Colec\u00e7\u00e3o<\/strong>: V\u00edtor Carneiro \/ Aguarelas de Vila do Conde<br \/>\n<strong>Descri\u00e7\u00e3o<\/strong>: postal com uma aguarela da praia da Senhora da Guia, incluindo a Capela, Forte de S\u00e3o Jo\u00e3o e Monumento \u00e0 Primeira Tentativa de Desembarque das Tropas Liberais<\/p>\n","protected":false},"featured_media":726,"template":"","meta":[],"product_cat":[73],"product_tag":[99,98,100],"class_list":["post-1387","product","type-product","status-publish","has-post-thumbnail","hentry","product_cat-postais-fotos-imagens","product_tag-forte","product_tag-guia","product_tag-praia"],"_links":{"self":[{"href":"https:\/\/viladoconde.com\/en\/wp-json\/wp\/v2\/product\/1387","targetHints":{"allow":["GET"]}}],"collection":[{"href":"https:\/\/viladoconde.com\/en\/wp-json\/wp\/v2\/product"}],"about":[{"href":"https:\/\/viladoconde.com\/en\/wp-json\/wp\/v2\/types\/product"}],"wp:featuredmedia":[{"embeddable":true,"href":"https:\/\/viladoconde.com\/en\/wp-json\/wp\/v2\/media\/726"}],"wp:attachment":[{"href":"https:\/\/viladoconde.com\/en\/wp-json\/wp\/v2\/media?parent=1387"}],"wp:term":[{"taxonomy":"product_cat","embeddable":true,"href":"https:\/\/viladoconde.com\/en\/wp-json\/wp\/v2\/product_cat?post=1387"},{"taxonomy":"product_tag","embeddable":true,"href":"https:\/\/viladoconde.com\/en\/wp-json\/wp\/v2\/product_tag?post=1387"}],"curies":[{"name":"wp","href":"https:\/\/api.w.org\/{rel}","templated":true}]}}