{"id":1393,"date":"2019-03-25T04:59:13","date_gmt":"2019-03-25T04:59:13","guid":{"rendered":"https:\/\/viladoconde.com\/?post_type=product&#038;p=1393"},"modified":"2019-07-15T12:15:38","modified_gmt":"2019-07-15T12:15:38","slug":"pormenor-dos-pacos-do-concelho-sec-xvi-postal","status":"publish","type":"product","link":"https:\/\/viladoconde.com\/en\/produto\/pormenor-dos-pacos-do-concelho-sec-xvi-postal\/","title":{"rendered":"Pormenor dos Pa\u00e7os do Concelho (s\u00e9c XVI) &#8211; postal"},"content":{"rendered":"","protected":false},"excerpt":{"rendered":"<p><strong>Edi\u00e7\u00e3o\/Colec\u00e7\u00e3o<\/strong>: \u00c2ncora &#8211; edi\u00e7\u00f5es art\u00edsticas de artigos para felicita\u00e7\u00f5es \/ Impricor<br \/>\n<strong>Descri\u00e7\u00e3o<\/strong>: postal dos Pa\u00e7os do Concelho e Pelourinho<\/p>\n","protected":false},"featured_media":738,"template":"","meta":[],"product_cat":[73],"product_tag":[93,81],"class_list":["post-1393","product","type-product","status-publish","has-post-thumbnail","hentry","product_cat-postais-fotos-imagens","product_tag-camara","product_tag-pelourinho"],"_links":{"self":[{"href":"https:\/\/viladoconde.com\/en\/wp-json\/wp\/v2\/product\/1393","targetHints":{"allow":["GET"]}}],"collection":[{"href":"https:\/\/viladoconde.com\/en\/wp-json\/wp\/v2\/product"}],"about":[{"href":"https:\/\/viladoconde.com\/en\/wp-json\/wp\/v2\/types\/product"}],"wp:featuredmedia":[{"embeddable":true,"href":"https:\/\/viladoconde.com\/en\/wp-json\/wp\/v2\/media\/738"}],"wp:attachment":[{"href":"https:\/\/viladoconde.com\/en\/wp-json\/wp\/v2\/media?parent=1393"}],"wp:term":[{"taxonomy":"product_cat","embeddable":true,"href":"https:\/\/viladoconde.com\/en\/wp-json\/wp\/v2\/product_cat?post=1393"},{"taxonomy":"product_tag","embeddable":true,"href":"https:\/\/viladoconde.com\/en\/wp-json\/wp\/v2\/product_tag?post=1393"}],"curies":[{"name":"wp","href":"https:\/\/api.w.org\/{rel}","templated":true}]}}