{"id":1396,"date":"2019-03-25T05:22:17","date_gmt":"2019-03-25T05:22:17","guid":{"rendered":"https:\/\/viladoconde.com\/?post_type=product&#038;p=1396"},"modified":"2019-07-15T12:15:38","modified_gmt":"2019-07-15T12:15:38","slug":"centro-da-cidade-postal","status":"publish","type":"product","link":"https:\/\/viladoconde.com\/en\/produto\/centro-da-cidade-postal\/","title":{"rendered":"Centro da Cidade &#8211; postal"},"content":{"rendered":"","protected":false},"excerpt":{"rendered":"<p><strong>Edi\u00e7\u00e3o\/Colec\u00e7\u00e3o<\/strong>: \u00c2ncora &#8211; edi\u00e7\u00f5es art\u00edsticas de artigos para felicita\u00e7\u00f5es \/ Impricor<br \/>\n<strong>Descri\u00e7\u00e3o<\/strong>: postal do antigo Convento de S\u00e3o Francisco<\/p>\n","protected":false},"featured_media":744,"template":"","meta":[],"product_cat":[73],"product_tag":[91],"class_list":["post-1396","product","type-product","status-publish","has-post-thumbnail","hentry","product_cat-postais-fotos-imagens","product_tag-sao-francisco"],"_links":{"self":[{"href":"https:\/\/viladoconde.com\/en\/wp-json\/wp\/v2\/product\/1396","targetHints":{"allow":["GET"]}}],"collection":[{"href":"https:\/\/viladoconde.com\/en\/wp-json\/wp\/v2\/product"}],"about":[{"href":"https:\/\/viladoconde.com\/en\/wp-json\/wp\/v2\/types\/product"}],"wp:featuredmedia":[{"embeddable":true,"href":"https:\/\/viladoconde.com\/en\/wp-json\/wp\/v2\/media\/744"}],"wp:attachment":[{"href":"https:\/\/viladoconde.com\/en\/wp-json\/wp\/v2\/media?parent=1396"}],"wp:term":[{"taxonomy":"product_cat","embeddable":true,"href":"https:\/\/viladoconde.com\/en\/wp-json\/wp\/v2\/product_cat?post=1396"},{"taxonomy":"product_tag","embeddable":true,"href":"https:\/\/viladoconde.com\/en\/wp-json\/wp\/v2\/product_tag?post=1396"}],"curies":[{"name":"wp","href":"https:\/\/api.w.org\/{rel}","templated":true}]}}