{"id":1398,"date":"2019-03-25T05:26:03","date_gmt":"2019-03-25T05:26:03","guid":{"rendered":"https:\/\/viladoconde.com\/?post_type=product&#038;p=1398"},"modified":"2019-07-15T12:15:38","modified_gmt":"2019-07-15T12:15:38","slug":"portal-da-igreja-matriz-de-estilo-gotico-sec-xv-postal","status":"publish","type":"product","link":"https:\/\/viladoconde.com\/en\/produto\/portal-da-igreja-matriz-de-estilo-gotico-sec-xv-postal\/","title":{"rendered":"Portal da Igreja Matriz de estilo g\u00f3tico (s\u00e9c. XV) &#8211; postal"},"content":{"rendered":"","protected":false},"excerpt":{"rendered":"<p><strong>Edi\u00e7\u00e3o\/Colec\u00e7\u00e3o<\/strong>: \u00c2ncora &#8211; edi\u00e7\u00f5es art\u00edsticas de artigos para felicita\u00e7\u00f5es \/ Impricor<br \/>\n<strong>Descri\u00e7\u00e3o<\/strong>: postal do portal da Igreja Matriz<\/p>\n","protected":false},"featured_media":746,"template":"","meta":[],"product_cat":[73],"product_tag":[79],"class_list":["post-1398","product","type-product","status-publish","has-post-thumbnail","hentry","product_cat-postais-fotos-imagens","product_tag-matriz"],"_links":{"self":[{"href":"https:\/\/viladoconde.com\/en\/wp-json\/wp\/v2\/product\/1398","targetHints":{"allow":["GET"]}}],"collection":[{"href":"https:\/\/viladoconde.com\/en\/wp-json\/wp\/v2\/product"}],"about":[{"href":"https:\/\/viladoconde.com\/en\/wp-json\/wp\/v2\/types\/product"}],"wp:featuredmedia":[{"embeddable":true,"href":"https:\/\/viladoconde.com\/en\/wp-json\/wp\/v2\/media\/746"}],"wp:attachment":[{"href":"https:\/\/viladoconde.com\/en\/wp-json\/wp\/v2\/media?parent=1398"}],"wp:term":[{"taxonomy":"product_cat","embeddable":true,"href":"https:\/\/viladoconde.com\/en\/wp-json\/wp\/v2\/product_cat?post=1398"},{"taxonomy":"product_tag","embeddable":true,"href":"https:\/\/viladoconde.com\/en\/wp-json\/wp\/v2\/product_tag?post=1398"}],"curies":[{"name":"wp","href":"https:\/\/api.w.org\/{rel}","templated":true}]}}