{"id":1401,"date":"2019-03-25T05:38:18","date_gmt":"2019-03-25T05:38:18","guid":{"rendered":"https:\/\/viladoconde.com\/?post_type=product&#038;p=1401"},"modified":"2019-07-15T12:15:37","modified_gmt":"2019-07-15T12:15:37","slug":"estaleiros-e-capela-do-socorro-sec-xvii-postal","status":"publish","type":"product","link":"https:\/\/viladoconde.com\/en\/produto\/estaleiros-e-capela-do-socorro-sec-xvii-postal\/","title":{"rendered":"Estaleiros e Capela do Socorro (s\u00e9c. XVII) &#8211; postal"},"content":{"rendered":"","protected":false},"excerpt":{"rendered":"<p><strong>Edi\u00e7\u00e3o\/Colec\u00e7\u00e3o<\/strong>: Comiss\u00e3o Municipal de Turismo<br \/>\n<strong>Descri\u00e7\u00e3o<\/strong>: postal dos estaleiros, com a Capela do Socorro e Alf\u00e2ndega em segundo plano<\/p>\n","protected":false},"featured_media":754,"template":"","meta":[],"product_cat":[73],"product_tag":[103,86,75,106],"class_list":["post-1401","product","type-product","status-publish","has-post-thumbnail","hentry","product_cat-postais-fotos-imagens","product_tag-alfandega","product_tag-estaleiros","product_tag-rio","product_tag-socorro"],"_links":{"self":[{"href":"https:\/\/viladoconde.com\/en\/wp-json\/wp\/v2\/product\/1401","targetHints":{"allow":["GET"]}}],"collection":[{"href":"https:\/\/viladoconde.com\/en\/wp-json\/wp\/v2\/product"}],"about":[{"href":"https:\/\/viladoconde.com\/en\/wp-json\/wp\/v2\/types\/product"}],"wp:featuredmedia":[{"embeddable":true,"href":"https:\/\/viladoconde.com\/en\/wp-json\/wp\/v2\/media\/754"}],"wp:attachment":[{"href":"https:\/\/viladoconde.com\/en\/wp-json\/wp\/v2\/media?parent=1401"}],"wp:term":[{"taxonomy":"product_cat","embeddable":true,"href":"https:\/\/viladoconde.com\/en\/wp-json\/wp\/v2\/product_cat?post=1401"},{"taxonomy":"product_tag","embeddable":true,"href":"https:\/\/viladoconde.com\/en\/wp-json\/wp\/v2\/product_tag?post=1401"}],"curies":[{"name":"wp","href":"https:\/\/api.w.org\/{rel}","templated":true}]}}