{"id":1402,"date":"2019-03-25T05:42:52","date_gmt":"2019-03-25T05:42:52","guid":{"rendered":"https:\/\/viladoconde.com\/?post_type=product&#038;p=1402"},"modified":"2019-07-15T12:15:37","modified_gmt":"2019-07-15T12:15:37","slug":"mosteiro-de-santa-clara-sec-xviii-e-rio-ave-postal","status":"publish","type":"product","link":"https:\/\/viladoconde.com\/en\/produto\/mosteiro-de-santa-clara-sec-xviii-e-rio-ave-postal\/","title":{"rendered":"Mosteiro de Santa Clara (s\u00e9c. XVIII) e Rio Ave &#8211; postal"},"content":{"rendered":"","protected":false},"excerpt":{"rendered":"<p><strong>Edi\u00e7\u00e3o\/Colec\u00e7\u00e3o<\/strong>: Comiss\u00e3o Municipal de Turismo<br \/>\n<strong>Descri\u00e7\u00e3o<\/strong>: postal do Mosteiro de Santa Clara, rio Ave e ponte, vistos de Azurara<\/p>\n","protected":false},"featured_media":760,"template":"","meta":[],"product_cat":[73],"product_tag":[74,111,75],"class_list":["post-1402","product","type-product","status-publish","has-post-thumbnail","hentry","product_cat-postais-fotos-imagens","product_tag-mosteiro","product_tag-ponte","product_tag-rio"],"_links":{"self":[{"href":"https:\/\/viladoconde.com\/en\/wp-json\/wp\/v2\/product\/1402","targetHints":{"allow":["GET"]}}],"collection":[{"href":"https:\/\/viladoconde.com\/en\/wp-json\/wp\/v2\/product"}],"about":[{"href":"https:\/\/viladoconde.com\/en\/wp-json\/wp\/v2\/types\/product"}],"wp:featuredmedia":[{"embeddable":true,"href":"https:\/\/viladoconde.com\/en\/wp-json\/wp\/v2\/media\/760"}],"wp:attachment":[{"href":"https:\/\/viladoconde.com\/en\/wp-json\/wp\/v2\/media?parent=1402"}],"wp:term":[{"taxonomy":"product_cat","embeddable":true,"href":"https:\/\/viladoconde.com\/en\/wp-json\/wp\/v2\/product_cat?post=1402"},{"taxonomy":"product_tag","embeddable":true,"href":"https:\/\/viladoconde.com\/en\/wp-json\/wp\/v2\/product_tag?post=1402"}],"curies":[{"name":"wp","href":"https:\/\/api.w.org\/{rel}","templated":true}]}}