{"id":1404,"date":"2019-03-25T05:59:57","date_gmt":"2019-03-25T05:59:57","guid":{"rendered":"https:\/\/viladoconde.com\/?post_type=product&#038;p=1404"},"modified":"2019-07-15T12:15:37","modified_gmt":"2019-07-15T12:15:37","slug":"mosteiro-de-santa-clara-sec-xviii-azenha-sec-xvi-e-rio-ave-postal","status":"publish","type":"product","link":"https:\/\/viladoconde.com\/en\/produto\/mosteiro-de-santa-clara-sec-xviii-azenha-sec-xvi-e-rio-ave-postal\/","title":{"rendered":"Mosteiro de Santa Clara (s\u00e9c. XVIII), Azenha (s\u00e9c. XVI) e Rio Ave &#8211; postal"},"content":{"rendered":"","protected":false},"excerpt":{"rendered":"<p><strong>Edi\u00e7\u00e3o\/Colec\u00e7\u00e3o<\/strong>: Comiss\u00e3o Municipal de Turismo<br \/>\n<strong>Descri\u00e7\u00e3o<\/strong>: postal do Mosteiro de Santa Clara, Azenha de Azurara, a\u00e7ude e Rio Ave<\/p>\n","protected":false},"featured_media":764,"template":"","meta":[],"product_cat":[73],"product_tag":[113,112,74,75],"class_list":["post-1404","product","type-product","status-publish","has-post-thumbnail","hentry","product_cat-postais-fotos-imagens","product_tag-acude","product_tag-azenha-azurara","product_tag-mosteiro","product_tag-rio"],"_links":{"self":[{"href":"https:\/\/viladoconde.com\/en\/wp-json\/wp\/v2\/product\/1404","targetHints":{"allow":["GET"]}}],"collection":[{"href":"https:\/\/viladoconde.com\/en\/wp-json\/wp\/v2\/product"}],"about":[{"href":"https:\/\/viladoconde.com\/en\/wp-json\/wp\/v2\/types\/product"}],"wp:featuredmedia":[{"embeddable":true,"href":"https:\/\/viladoconde.com\/en\/wp-json\/wp\/v2\/media\/764"}],"wp:attachment":[{"href":"https:\/\/viladoconde.com\/en\/wp-json\/wp\/v2\/media?parent=1404"}],"wp:term":[{"taxonomy":"product_cat","embeddable":true,"href":"https:\/\/viladoconde.com\/en\/wp-json\/wp\/v2\/product_cat?post=1404"},{"taxonomy":"product_tag","embeddable":true,"href":"https:\/\/viladoconde.com\/en\/wp-json\/wp\/v2\/product_tag?post=1404"}],"curies":[{"name":"wp","href":"https:\/\/api.w.org\/{rel}","templated":true}]}}