{"id":1408,"date":"2019-03-25T06:38:53","date_gmt":"2019-03-25T06:38:53","guid":{"rendered":"https:\/\/viladoconde.com\/?post_type=product&#038;p=1408"},"modified":"2019-07-15T12:15:37","modified_gmt":"2019-07-15T12:15:37","slug":"camara-municipal-sec-xvi-e-pelourinho-sec-xvi-postal","status":"publish","type":"product","link":"https:\/\/viladoconde.com\/en\/produto\/camara-municipal-sec-xvi-e-pelourinho-sec-xvi-postal\/","title":{"rendered":"C\u00e2mara Municipal (s\u00e9c. XVI) e Pelourinho (s\u00e9c. XVI) &#8211; postal"},"content":{"rendered":"","protected":false},"excerpt":{"rendered":"<p><strong>Edi\u00e7\u00e3o\/Colec\u00e7\u00e3o<\/strong>: Comiss\u00e3o Municipal de Turismo<br \/>\n<strong>Descri\u00e7\u00e3o<\/strong>: postal da C\u00e2mara Municipal e Pelourinho<\/p>\n","protected":false},"featured_media":774,"template":"","meta":[],"product_cat":[73],"product_tag":[93,81],"class_list":["post-1408","product","type-product","status-publish","has-post-thumbnail","hentry","product_cat-postais-fotos-imagens","product_tag-camara","product_tag-pelourinho"],"_links":{"self":[{"href":"https:\/\/viladoconde.com\/en\/wp-json\/wp\/v2\/product\/1408","targetHints":{"allow":["GET"]}}],"collection":[{"href":"https:\/\/viladoconde.com\/en\/wp-json\/wp\/v2\/product"}],"about":[{"href":"https:\/\/viladoconde.com\/en\/wp-json\/wp\/v2\/types\/product"}],"wp:featuredmedia":[{"embeddable":true,"href":"https:\/\/viladoconde.com\/en\/wp-json\/wp\/v2\/media\/774"}],"wp:attachment":[{"href":"https:\/\/viladoconde.com\/en\/wp-json\/wp\/v2\/media?parent=1408"}],"wp:term":[{"taxonomy":"product_cat","embeddable":true,"href":"https:\/\/viladoconde.com\/en\/wp-json\/wp\/v2\/product_cat?post=1408"},{"taxonomy":"product_tag","embeddable":true,"href":"https:\/\/viladoconde.com\/en\/wp-json\/wp\/v2\/product_tag?post=1408"}],"curies":[{"name":"wp","href":"https:\/\/api.w.org\/{rel}","templated":true}]}}