{"id":1409,"date":"2019-03-25T06:41:36","date_gmt":"2019-03-25T06:41:36","guid":{"rendered":"https:\/\/viladoconde.com\/?post_type=product&#038;p=1409"},"modified":"2019-07-15T12:15:37","modified_gmt":"2019-07-15T12:15:37","slug":"panoramica-da-praia-postal","status":"publish","type":"product","link":"https:\/\/viladoconde.com\/en\/produto\/panoramica-da-praia-postal\/","title":{"rendered":"Panor\u00e2mica da praia &#8211; postal"},"content":{"rendered":"","protected":false},"excerpt":{"rendered":"<p><strong>Edi\u00e7\u00e3o\/Colec\u00e7\u00e3o<\/strong>: Comiss\u00e3o Municipal de Turismo<br \/>\n<strong>Descri\u00e7\u00e3o<\/strong>: postal da praia de Banhos ou praia do Turismo<\/p>\n","protected":false},"featured_media":776,"template":"","meta":[],"product_cat":[73],"product_tag":[100],"class_list":["post-1409","product","type-product","status-publish","has-post-thumbnail","hentry","product_cat-postais-fotos-imagens","product_tag-praia"],"_links":{"self":[{"href":"https:\/\/viladoconde.com\/en\/wp-json\/wp\/v2\/product\/1409","targetHints":{"allow":["GET"]}}],"collection":[{"href":"https:\/\/viladoconde.com\/en\/wp-json\/wp\/v2\/product"}],"about":[{"href":"https:\/\/viladoconde.com\/en\/wp-json\/wp\/v2\/types\/product"}],"wp:featuredmedia":[{"embeddable":true,"href":"https:\/\/viladoconde.com\/en\/wp-json\/wp\/v2\/media\/776"}],"wp:attachment":[{"href":"https:\/\/viladoconde.com\/en\/wp-json\/wp\/v2\/media?parent=1409"}],"wp:term":[{"taxonomy":"product_cat","embeddable":true,"href":"https:\/\/viladoconde.com\/en\/wp-json\/wp\/v2\/product_cat?post=1409"},{"taxonomy":"product_tag","embeddable":true,"href":"https:\/\/viladoconde.com\/en\/wp-json\/wp\/v2\/product_tag?post=1409"}],"curies":[{"name":"wp","href":"https:\/\/api.w.org\/{rel}","templated":true}]}}