{"id":1410,"date":"2019-03-25T06:47:05","date_gmt":"2019-03-25T06:47:05","guid":{"rendered":"https:\/\/viladoconde.com\/?post_type=product&#038;p=1410"},"modified":"2019-07-15T12:14:28","modified_gmt":"2019-07-15T12:14:28","slug":"panoramica-do-rio-ave-no-lugar-da-ponte-dave-romanica-postal","status":"publish","type":"product","link":"https:\/\/viladoconde.com\/en\/produto\/panoramica-do-rio-ave-no-lugar-da-ponte-dave-romanica-postal\/","title":{"rendered":"Panor\u00e2mica do Rio Ave no lugar da Ponte d&#8217;Ave (Rom\u00e2nica) &#8211; postal"},"content":{"rendered":"","protected":false},"excerpt":{"rendered":"<p><strong>Edi\u00e7\u00e3o\/Colec\u00e7\u00e3o<\/strong>: Comiss\u00e3o Municipal de Turismo<br \/>\n<strong>Descri\u00e7\u00e3o<\/strong>: postal da ponte d&#8217;Ave, ou Dom Zameiro, entre Bagunte e Macieira<\/p>\n","protected":false},"featured_media":780,"template":"","meta":[],"product_cat":[73],"product_tag":[111,75,114],"class_list":["post-1410","product","type-product","status-publish","has-post-thumbnail","hentry","product_cat-postais-fotos-imagens","product_tag-ponte","product_tag-rio","product_tag-zameiro"],"_links":{"self":[{"href":"https:\/\/viladoconde.com\/en\/wp-json\/wp\/v2\/product\/1410","targetHints":{"allow":["GET"]}}],"collection":[{"href":"https:\/\/viladoconde.com\/en\/wp-json\/wp\/v2\/product"}],"about":[{"href":"https:\/\/viladoconde.com\/en\/wp-json\/wp\/v2\/types\/product"}],"wp:featuredmedia":[{"embeddable":true,"href":"https:\/\/viladoconde.com\/en\/wp-json\/wp\/v2\/media\/780"}],"wp:attachment":[{"href":"https:\/\/viladoconde.com\/en\/wp-json\/wp\/v2\/media?parent=1410"}],"wp:term":[{"taxonomy":"product_cat","embeddable":true,"href":"https:\/\/viladoconde.com\/en\/wp-json\/wp\/v2\/product_cat?post=1410"},{"taxonomy":"product_tag","embeddable":true,"href":"https:\/\/viladoconde.com\/en\/wp-json\/wp\/v2\/product_tag?post=1410"}],"curies":[{"name":"wp","href":"https:\/\/api.w.org\/{rel}","templated":true}]}}