{"id":1417,"date":"2019-03-25T07:08:23","date_gmt":"2019-03-25T07:08:23","guid":{"rendered":"https:\/\/viladoconde.com\/?post_type=product&#038;p=1417"},"modified":"2019-07-15T12:14:28","modified_gmt":"2019-07-15T12:14:28","slug":"pelourinho-e-pacos-do-concelho-postal","status":"publish","type":"product","link":"https:\/\/viladoconde.com\/en\/produto\/pelourinho-e-pacos-do-concelho-postal\/","title":{"rendered":"Pelourinho e Pa\u00e7os do Concelho &#8211; postal"},"content":{"rendered":"","protected":false},"excerpt":{"rendered":"<p><strong>Edi\u00e7\u00e3o\/Colec\u00e7\u00e3o<\/strong>: Dulia<br \/>\n<strong>Descri\u00e7\u00e3o<\/strong>: postal dos Pa\u00e7os do Concelho e Pelourinho<\/p>\n","protected":false},"featured_media":812,"template":"","meta":[],"product_cat":[73],"product_tag":[93,120,81],"class_list":["post-1417","product","type-product","status-publish","has-post-thumbnail","hentry","product_cat-postais-fotos-imagens","product_tag-camara","product_tag-dulia","product_tag-pelourinho"],"_links":{"self":[{"href":"https:\/\/viladoconde.com\/en\/wp-json\/wp\/v2\/product\/1417","targetHints":{"allow":["GET"]}}],"collection":[{"href":"https:\/\/viladoconde.com\/en\/wp-json\/wp\/v2\/product"}],"about":[{"href":"https:\/\/viladoconde.com\/en\/wp-json\/wp\/v2\/types\/product"}],"wp:featuredmedia":[{"embeddable":true,"href":"https:\/\/viladoconde.com\/en\/wp-json\/wp\/v2\/media\/812"}],"wp:attachment":[{"href":"https:\/\/viladoconde.com\/en\/wp-json\/wp\/v2\/media?parent=1417"}],"wp:term":[{"taxonomy":"product_cat","embeddable":true,"href":"https:\/\/viladoconde.com\/en\/wp-json\/wp\/v2\/product_cat?post=1417"},{"taxonomy":"product_tag","embeddable":true,"href":"https:\/\/viladoconde.com\/en\/wp-json\/wp\/v2\/product_tag?post=1417"}],"curies":[{"name":"wp","href":"https:\/\/api.w.org\/{rel}","templated":true}]}}