{"id":1422,"date":"2019-03-25T07:31:36","date_gmt":"2019-03-25T07:31:36","guid":{"rendered":"https:\/\/viladoconde.com\/?post_type=product&#038;p=1422"},"modified":"2019-07-15T12:14:27","modified_gmt":"2019-07-15T12:14:27","slug":"igreja-de-sao-cristovao-de-rio-mau-postal","status":"publish","type":"product","link":"https:\/\/viladoconde.com\/en\/produto\/igreja-de-sao-cristovao-de-rio-mau-postal\/","title":{"rendered":"Igreja de S\u00e3o Crist\u00f3v\u00e3o de Rio Mau &#8211; postal"},"content":{"rendered":"","protected":false},"excerpt":{"rendered":"<p><strong>Edi\u00e7\u00e3o\/Colec\u00e7\u00e3o<\/strong>: Dulia<br \/>\n<strong>Descri\u00e7\u00e3o<\/strong>: postal da Igreja de S\u00e3o Crist\u00f3v\u00e3o de Rio Mau<\/p>\n","protected":false},"featured_media":834,"template":"","meta":[],"product_cat":[73],"product_tag":[120,102],"class_list":["post-1422","product","type-product","status-publish","has-post-thumbnail","hentry","product_cat-postais-fotos-imagens","product_tag-dulia","product_tag-rio-mau"],"_links":{"self":[{"href":"https:\/\/viladoconde.com\/en\/wp-json\/wp\/v2\/product\/1422","targetHints":{"allow":["GET"]}}],"collection":[{"href":"https:\/\/viladoconde.com\/en\/wp-json\/wp\/v2\/product"}],"about":[{"href":"https:\/\/viladoconde.com\/en\/wp-json\/wp\/v2\/types\/product"}],"wp:featuredmedia":[{"embeddable":true,"href":"https:\/\/viladoconde.com\/en\/wp-json\/wp\/v2\/media\/834"}],"wp:attachment":[{"href":"https:\/\/viladoconde.com\/en\/wp-json\/wp\/v2\/media?parent=1422"}],"wp:term":[{"taxonomy":"product_cat","embeddable":true,"href":"https:\/\/viladoconde.com\/en\/wp-json\/wp\/v2\/product_cat?post=1422"},{"taxonomy":"product_tag","embeddable":true,"href":"https:\/\/viladoconde.com\/en\/wp-json\/wp\/v2\/product_tag?post=1422"}],"curies":[{"name":"wp","href":"https:\/\/api.w.org\/{rel}","templated":true}]}}