{"id":1432,"date":"2019-03-26T17:53:46","date_gmt":"2019-03-26T17:53:46","guid":{"rendered":"https:\/\/viladoconde.com\/?post_type=product&#038;p=1432"},"modified":"2019-07-15T12:14:27","modified_gmt":"2019-07-15T12:14:27","slug":"casa-onde-viveu-eca-de-queiroz-postal","status":"publish","type":"product","link":"https:\/\/viladoconde.com\/en\/produto\/casa-onde-viveu-eca-de-queiroz-postal\/","title":{"rendered":"Casa onde viveu E\u00e7a de Queiroz &#8211; postal"},"content":{"rendered":"","protected":false},"excerpt":{"rendered":"<p><strong>Edi\u00e7\u00e3o\/Colec\u00e7\u00e3o<\/strong>: Dulia<br \/>\n<strong>Descri\u00e7\u00e3o<\/strong>: postal da casa onde E\u00e7a de Queiroz viveu os seus primeiros anos, na rua da Costa \/ largo da Roda<\/p>\n","protected":false},"featured_media":848,"template":"","meta":[],"product_cat":[73],"product_tag":[82,120,121,122],"class_list":["post-1432","product","type-product","status-publish","has-post-thumbnail","hentry","product_cat-postais-fotos-imagens","product_tag-casa","product_tag-dulia","product_tag-eca","product_tag-roda"],"_links":{"self":[{"href":"https:\/\/viladoconde.com\/en\/wp-json\/wp\/v2\/product\/1432","targetHints":{"allow":["GET"]}}],"collection":[{"href":"https:\/\/viladoconde.com\/en\/wp-json\/wp\/v2\/product"}],"about":[{"href":"https:\/\/viladoconde.com\/en\/wp-json\/wp\/v2\/types\/product"}],"wp:featuredmedia":[{"embeddable":true,"href":"https:\/\/viladoconde.com\/en\/wp-json\/wp\/v2\/media\/848"}],"wp:attachment":[{"href":"https:\/\/viladoconde.com\/en\/wp-json\/wp\/v2\/media?parent=1432"}],"wp:term":[{"taxonomy":"product_cat","embeddable":true,"href":"https:\/\/viladoconde.com\/en\/wp-json\/wp\/v2\/product_cat?post=1432"},{"taxonomy":"product_tag","embeddable":true,"href":"https:\/\/viladoconde.com\/en\/wp-json\/wp\/v2\/product_tag?post=1432"}],"curies":[{"name":"wp","href":"https:\/\/api.w.org\/{rel}","templated":true}]}}