{"id":1433,"date":"2019-03-26T18:01:27","date_gmt":"2019-03-26T18:01:27","guid":{"rendered":"https:\/\/viladoconde.com\/?post_type=product&#038;p=1433"},"modified":"2019-07-15T12:14:27","modified_gmt":"2019-07-15T12:14:27","slug":"casa-onde-viveu-antero-de-quental-postal","status":"publish","type":"product","link":"https:\/\/viladoconde.com\/en\/produto\/casa-onde-viveu-antero-de-quental-postal\/","title":{"rendered":"Casa onde viveu Antero de Quental &#8211; postal"},"content":{"rendered":"","protected":false},"excerpt":{"rendered":"<p><strong>Edi\u00e7\u00e3o\/Colec\u00e7\u00e3o<\/strong>: Dulia<br \/>\n<strong>Descri\u00e7\u00e3o<\/strong>: postal da casa onde viveu Antero de Quental, na pra\u00e7a com o mesmo nome (tamb\u00e9m denominada Pra\u00e7a Velha)<\/p>\n","protected":false},"featured_media":850,"template":"","meta":[],"product_cat":[73],"product_tag":[123,82,120,124],"class_list":["post-1433","product","type-product","status-publish","has-post-thumbnail","hentry","product_cat-postais-fotos-imagens","product_tag-antero","product_tag-casa","product_tag-dulia","product_tag-praca-velha"],"_links":{"self":[{"href":"https:\/\/viladoconde.com\/en\/wp-json\/wp\/v2\/product\/1433","targetHints":{"allow":["GET"]}}],"collection":[{"href":"https:\/\/viladoconde.com\/en\/wp-json\/wp\/v2\/product"}],"about":[{"href":"https:\/\/viladoconde.com\/en\/wp-json\/wp\/v2\/types\/product"}],"wp:featuredmedia":[{"embeddable":true,"href":"https:\/\/viladoconde.com\/en\/wp-json\/wp\/v2\/media\/850"}],"wp:attachment":[{"href":"https:\/\/viladoconde.com\/en\/wp-json\/wp\/v2\/media?parent=1433"}],"wp:term":[{"taxonomy":"product_cat","embeddable":true,"href":"https:\/\/viladoconde.com\/en\/wp-json\/wp\/v2\/product_cat?post=1433"},{"taxonomy":"product_tag","embeddable":true,"href":"https:\/\/viladoconde.com\/en\/wp-json\/wp\/v2\/product_tag?post=1433"}],"curies":[{"name":"wp","href":"https:\/\/api.w.org\/{rel}","templated":true}]}}