{"id":1442,"date":"2019-03-26T23:05:10","date_gmt":"2019-03-26T23:05:10","guid":{"rendered":"https:\/\/viladoconde.com\/?post_type=product&#038;p=1442"},"modified":"2019-07-15T12:14:03","modified_gmt":"2019-07-15T12:14:03","slug":"aqueduto-seculo-xviii-postal","status":"publish","type":"product","link":"https:\/\/viladoconde.com\/en\/produto\/aqueduto-seculo-xviii-postal\/","title":{"rendered":"Aqueduto S\u00e9culo XVIII &#8211; postal"},"content":{"rendered":"","protected":false},"excerpt":{"rendered":"<p><strong>Edi\u00e7\u00e3o\/Colec\u00e7\u00e3o<\/strong>: Dulia<br \/>\n<strong>Descri\u00e7\u00e3o<\/strong>: postal do aqueduto e parte da Igreja de S\u00e3o Francisco<\/p>\n","protected":false},"featured_media":878,"template":"","meta":[],"product_cat":[73],"product_tag":[92,120,91],"class_list":["post-1442","product","type-product","status-publish","has-post-thumbnail","hentry","product_cat-postais-fotos-imagens","product_tag-aqueduto","product_tag-dulia","product_tag-sao-francisco"],"_links":{"self":[{"href":"https:\/\/viladoconde.com\/en\/wp-json\/wp\/v2\/product\/1442","targetHints":{"allow":["GET"]}}],"collection":[{"href":"https:\/\/viladoconde.com\/en\/wp-json\/wp\/v2\/product"}],"about":[{"href":"https:\/\/viladoconde.com\/en\/wp-json\/wp\/v2\/types\/product"}],"wp:featuredmedia":[{"embeddable":true,"href":"https:\/\/viladoconde.com\/en\/wp-json\/wp\/v2\/media\/878"}],"wp:attachment":[{"href":"https:\/\/viladoconde.com\/en\/wp-json\/wp\/v2\/media?parent=1442"}],"wp:term":[{"taxonomy":"product_cat","embeddable":true,"href":"https:\/\/viladoconde.com\/en\/wp-json\/wp\/v2\/product_cat?post=1442"},{"taxonomy":"product_tag","embeddable":true,"href":"https:\/\/viladoconde.com\/en\/wp-json\/wp\/v2\/product_tag?post=1442"}],"curies":[{"name":"wp","href":"https:\/\/api.w.org\/{rel}","templated":true}]}}