{"id":1459,"date":"2019-03-28T19:42:30","date_gmt":"2019-03-28T19:42:30","guid":{"rendered":"https:\/\/viladoconde.com\/?post_type=product&#038;p=1459"},"modified":"2019-07-15T12:14:02","modified_gmt":"2019-07-15T12:14:02","slug":"igreja-de-santa-clara-rosacea-postal","status":"publish","type":"product","link":"https:\/\/viladoconde.com\/en\/produto\/igreja-de-santa-clara-rosacea-postal\/","title":{"rendered":"Igreja de Santa Clara &#8211; Ros\u00e1cea &#8211; postal"},"content":{"rendered":"","protected":false},"excerpt":{"rendered":"<p><strong>Edi\u00e7\u00e3o\/Colec\u00e7\u00e3o<\/strong>: Dulia<br \/>\n<strong>Descri\u00e7\u00e3o<\/strong>: postal da ros\u00e1cea localizada na fachada poente da Igreja de Santa Clara<\/p>\n","protected":false},"featured_media":948,"template":"","meta":[],"product_cat":[73],"product_tag":[120,74],"class_list":["post-1459","product","type-product","status-publish","has-post-thumbnail","hentry","product_cat-postais-fotos-imagens","product_tag-dulia","product_tag-mosteiro"],"_links":{"self":[{"href":"https:\/\/viladoconde.com\/en\/wp-json\/wp\/v2\/product\/1459","targetHints":{"allow":["GET"]}}],"collection":[{"href":"https:\/\/viladoconde.com\/en\/wp-json\/wp\/v2\/product"}],"about":[{"href":"https:\/\/viladoconde.com\/en\/wp-json\/wp\/v2\/types\/product"}],"wp:featuredmedia":[{"embeddable":true,"href":"https:\/\/viladoconde.com\/en\/wp-json\/wp\/v2\/media\/948"}],"wp:attachment":[{"href":"https:\/\/viladoconde.com\/en\/wp-json\/wp\/v2\/media?parent=1459"}],"wp:term":[{"taxonomy":"product_cat","embeddable":true,"href":"https:\/\/viladoconde.com\/en\/wp-json\/wp\/v2\/product_cat?post=1459"},{"taxonomy":"product_tag","embeddable":true,"href":"https:\/\/viladoconde.com\/en\/wp-json\/wp\/v2\/product_tag?post=1459"}],"curies":[{"name":"wp","href":"https:\/\/api.w.org\/{rel}","templated":true}]}}