{"id":1462,"date":"2019-03-28T22:54:15","date_gmt":"2019-03-28T22:54:15","guid":{"rendered":"https:\/\/viladoconde.com\/?post_type=product&#038;p=1462"},"modified":"2019-07-15T12:14:02","modified_gmt":"2019-07-15T12:14:02","slug":"hospital-da-misericordia-postal","status":"publish","type":"product","link":"https:\/\/viladoconde.com\/en\/produto\/hospital-da-misericordia-postal\/","title":{"rendered":"Hospital da Miseric\u00f3rdia &#8211; postal"},"content":{"rendered":"","protected":false},"excerpt":{"rendered":"<p><strong>Edi\u00e7\u00e3o\/Colec\u00e7\u00e3o<\/strong>: Dulia<br \/>\n<strong>Descri\u00e7\u00e3o<\/strong>: postal do Hospital e cruzeiro da Miseric\u00f3rdia<\/p>\n","protected":false},"featured_media":950,"template":"","meta":[],"product_cat":[73],"product_tag":[95,120,128,94],"class_list":["post-1462","product","type-product","status-publish","has-post-thumbnail","hentry","product_cat-postais-fotos-imagens","product_tag-cruzeiro","product_tag-dulia","product_tag-hospital","product_tag-misericordia"],"_links":{"self":[{"href":"https:\/\/viladoconde.com\/en\/wp-json\/wp\/v2\/product\/1462","targetHints":{"allow":["GET"]}}],"collection":[{"href":"https:\/\/viladoconde.com\/en\/wp-json\/wp\/v2\/product"}],"about":[{"href":"https:\/\/viladoconde.com\/en\/wp-json\/wp\/v2\/types\/product"}],"wp:featuredmedia":[{"embeddable":true,"href":"https:\/\/viladoconde.com\/en\/wp-json\/wp\/v2\/media\/950"}],"wp:attachment":[{"href":"https:\/\/viladoconde.com\/en\/wp-json\/wp\/v2\/media?parent=1462"}],"wp:term":[{"taxonomy":"product_cat","embeddable":true,"href":"https:\/\/viladoconde.com\/en\/wp-json\/wp\/v2\/product_cat?post=1462"},{"taxonomy":"product_tag","embeddable":true,"href":"https:\/\/viladoconde.com\/en\/wp-json\/wp\/v2\/product_tag?post=1462"}],"curies":[{"name":"wp","href":"https:\/\/api.w.org\/{rel}","templated":true}]}}