{"id":1474,"date":"2019-03-29T05:15:58","date_gmt":"2019-03-29T05:15:58","guid":{"rendered":"https:\/\/viladoconde.com\/?post_type=product&#038;p=1474"},"modified":"2019-07-15T12:13:37","modified_gmt":"2019-07-15T12:13:37","slug":"relembrar-vila-do-conde-3a-serie-postais-copia","status":"publish","type":"product","link":"https:\/\/viladoconde.com\/en\/produto\/relembrar-vila-do-conde-3a-serie-postais-copia\/","title":{"rendered":"Relembrar Vila do Conde &#8211; 3\u00aa s\u00e9rie &#8211; postais"},"content":{"rendered":"","protected":false},"excerpt":{"rendered":"<p><strong>Edi\u00e7\u00e3o\/Colec\u00e7\u00e3o<\/strong>: Drogaria Jem\u00edca<br \/>\n<strong>Descri\u00e7\u00e3o<\/strong>: colec\u00e7\u00e3o de postais, r\u00e9plicas de fotografias antigas de Vila do Conde<\/p>\n","protected":false},"featured_media":1016,"template":"","meta":[],"product_cat":[73],"product_tag":[136,138,135,132,130,79,74,140,137,111,75,134,76,139],"class_list":["post-1474","product","type-product","status-publish","has-post-thumbnail","hentry","product_cat-postais-fotos-imagens","product_tag-casino","product_tag-central","product_tag-coreto","product_tag-jardim","product_tag-jemica","product_tag-matriz","product_tag-mosteiro","product_tag-neiva","product_tag-palace","product_tag-ponte","product_tag-rio","product_tag-tapetes","product_tag-terreiro","product_tag-theatro"],"_links":{"self":[{"href":"https:\/\/viladoconde.com\/en\/wp-json\/wp\/v2\/product\/1474","targetHints":{"allow":["GET"]}}],"collection":[{"href":"https:\/\/viladoconde.com\/en\/wp-json\/wp\/v2\/product"}],"about":[{"href":"https:\/\/viladoconde.com\/en\/wp-json\/wp\/v2\/types\/product"}],"wp:featuredmedia":[{"embeddable":true,"href":"https:\/\/viladoconde.com\/en\/wp-json\/wp\/v2\/media\/1016"}],"wp:attachment":[{"href":"https:\/\/viladoconde.com\/en\/wp-json\/wp\/v2\/media?parent=1474"}],"wp:term":[{"taxonomy":"product_cat","embeddable":true,"href":"https:\/\/viladoconde.com\/en\/wp-json\/wp\/v2\/product_cat?post=1474"},{"taxonomy":"product_tag","embeddable":true,"href":"https:\/\/viladoconde.com\/en\/wp-json\/wp\/v2\/product_tag?post=1474"}],"curies":[{"name":"wp","href":"https:\/\/api.w.org\/{rel}","templated":true}]}}