{"id":1480,"date":"2019-03-31T20:31:22","date_gmt":"2019-03-31T20:31:22","guid":{"rendered":"http:\/\/viladoconde.com\/?post_type=product&#038;p=1480"},"modified":"2019-07-15T12:13:36","modified_gmt":"2019-07-15T12:13:36","slug":"relembrar-vila-do-conde-4a-serie-postais","status":"publish","type":"product","link":"https:\/\/viladoconde.com\/en\/produto\/relembrar-vila-do-conde-4a-serie-postais\/","title":{"rendered":"Relembrar Vila do Conde &#8211; 4\u00aa s\u00e9rie &#8211; postais"},"content":{"rendered":"","protected":false},"excerpt":{"rendered":"<p><strong>Edi\u00e7\u00e3o\/Colec\u00e7\u00e3o<\/strong>: Drogaria Jem\u00edca<br \/>\n<strong>Descri\u00e7\u00e3o<\/strong>: colec\u00e7\u00e3o de postais, r\u00e9plicas de fotografias antigas de Vila do Conde<\/p>\n","protected":false},"featured_media":1018,"template":"","meta":[],"product_cat":[73],"product_tag":[143,141,138,98,130,142,119,79,74,100,75,83,106,134],"class_list":["post-1480","product","type-product","status-publish","has-post-thumbnail","hentry","product_cat-postais-fotos-imagens","product_tag-americano","product_tag-banhos","product_tag-central","product_tag-guia","product_tag-jemica","product_tag-lapis","product_tag-mar","product_tag-matriz","product_tag-mosteiro","product_tag-praia","product_tag-rio","product_tag-sao-joao","product_tag-socorro","product_tag-tapetes"],"_links":{"self":[{"href":"https:\/\/viladoconde.com\/en\/wp-json\/wp\/v2\/product\/1480","targetHints":{"allow":["GET"]}}],"collection":[{"href":"https:\/\/viladoconde.com\/en\/wp-json\/wp\/v2\/product"}],"about":[{"href":"https:\/\/viladoconde.com\/en\/wp-json\/wp\/v2\/types\/product"}],"wp:featuredmedia":[{"embeddable":true,"href":"https:\/\/viladoconde.com\/en\/wp-json\/wp\/v2\/media\/1018"}],"wp:attachment":[{"href":"https:\/\/viladoconde.com\/en\/wp-json\/wp\/v2\/media?parent=1480"}],"wp:term":[{"taxonomy":"product_cat","embeddable":true,"href":"https:\/\/viladoconde.com\/en\/wp-json\/wp\/v2\/product_cat?post=1480"},{"taxonomy":"product_tag","embeddable":true,"href":"https:\/\/viladoconde.com\/en\/wp-json\/wp\/v2\/product_tag?post=1480"}],"curies":[{"name":"wp","href":"https:\/\/api.w.org\/{rel}","templated":true}]}}