{"id":1481,"date":"2019-03-31T20:36:09","date_gmt":"2019-03-31T20:36:09","guid":{"rendered":"http:\/\/viladoconde.com\/?post_type=product&#038;p=1481"},"modified":"2019-07-15T12:13:36","modified_gmt":"2019-07-15T12:13:36","slug":"relembrar-vila-do-conde-6a-serie-postais","status":"publish","type":"product","link":"https:\/\/viladoconde.com\/en\/produto\/relembrar-vila-do-conde-6a-serie-postais\/","title":{"rendered":"Relembrar Vila do Conde &#8211; 6\u00aa s\u00e9rie &#8211; postais"},"content":{"rendered":"","protected":false},"excerpt":{"rendered":"<p><strong>Edi\u00e7\u00e3o\/Colec\u00e7\u00e3o<\/strong>: Drogaria Jem\u00edca<br \/>\n<strong>Descri\u00e7\u00e3o<\/strong>: colec\u00e7\u00e3o de postais, r\u00e9plicas de fotografias antigas de Vila do Conde<\/p>\n","protected":false},"featured_media":1020,"template":"","meta":[],"product_cat":[73],"product_tag":[113,143,112,133,136,144,145,98,130,74,75,134,76],"class_list":["post-1481","product","type-product","status-publish","has-post-thumbnail","hentry","product_cat-postais-fotos-imagens","product_tag-acude","product_tag-americano","product_tag-azenha-azurara","product_tag-azenha-vila","product_tag-casino","product_tag-desembarque","product_tag-donas","product_tag-guia","product_tag-jemica","product_tag-mosteiro","product_tag-rio","product_tag-tapetes","product_tag-terreiro"],"_links":{"self":[{"href":"https:\/\/viladoconde.com\/en\/wp-json\/wp\/v2\/product\/1481","targetHints":{"allow":["GET"]}}],"collection":[{"href":"https:\/\/viladoconde.com\/en\/wp-json\/wp\/v2\/product"}],"about":[{"href":"https:\/\/viladoconde.com\/en\/wp-json\/wp\/v2\/types\/product"}],"wp:featuredmedia":[{"embeddable":true,"href":"https:\/\/viladoconde.com\/en\/wp-json\/wp\/v2\/media\/1020"}],"wp:attachment":[{"href":"https:\/\/viladoconde.com\/en\/wp-json\/wp\/v2\/media?parent=1481"}],"wp:term":[{"taxonomy":"product_cat","embeddable":true,"href":"https:\/\/viladoconde.com\/en\/wp-json\/wp\/v2\/product_cat?post=1481"},{"taxonomy":"product_tag","embeddable":true,"href":"https:\/\/viladoconde.com\/en\/wp-json\/wp\/v2\/product_tag?post=1481"}],"curies":[{"name":"wp","href":"https:\/\/api.w.org\/{rel}","templated":true}]}}