{"id":1482,"date":"2019-03-31T20:40:25","date_gmt":"2019-03-31T20:40:25","guid":{"rendered":"http:\/\/viladoconde.com\/?post_type=product&#038;p=1482"},"modified":"2020-12-09T12:02:20","modified_gmt":"2020-12-09T12:02:20","slug":"relembrar-vila-do-conde-7a-serie-postais","status":"publish","type":"product","link":"https:\/\/viladoconde.com\/en\/produto\/relembrar-vila-do-conde-7a-serie-postais\/","title":{"rendered":"Relembrar Vila do Conde &#8211; 7\u00aa s\u00e9rie &#8211; postais"},"content":{"rendered":"","protected":false},"excerpt":{"rendered":"<p><strong>Edi\u00e7\u00e3o\/Colec\u00e7\u00e3o<\/strong>: Drogaria Jem\u00edca<br \/>\n<strong>Descri\u00e7\u00e3o<\/strong>: colec\u00e7\u00e3o de postais, r\u00e9plicas de fotografias antigas de Vila do Conde<\/p>\n","protected":false},"featured_media":1022,"template":"","meta":[],"product_cat":[73],"product_tag":[146,132,130,79,74,97,111,264,75,134,76],"class_list":["post-1482","product","type-product","status-publish","has-post-thumbnail","hentry","product_cat-postais-fotos-imagens","product_tag-estacao","product_tag-jardim","product_tag-jemica","product_tag-matriz","product_tag-mosteiro","product_tag-passos","product_tag-ponte","product_tag-praca-vasco-da-gama","product_tag-rio","product_tag-tapetes","product_tag-terreiro"],"_links":{"self":[{"href":"https:\/\/viladoconde.com\/en\/wp-json\/wp\/v2\/product\/1482","targetHints":{"allow":["GET"]}}],"collection":[{"href":"https:\/\/viladoconde.com\/en\/wp-json\/wp\/v2\/product"}],"about":[{"href":"https:\/\/viladoconde.com\/en\/wp-json\/wp\/v2\/types\/product"}],"wp:featuredmedia":[{"embeddable":true,"href":"https:\/\/viladoconde.com\/en\/wp-json\/wp\/v2\/media\/1022"}],"wp:attachment":[{"href":"https:\/\/viladoconde.com\/en\/wp-json\/wp\/v2\/media?parent=1482"}],"wp:term":[{"taxonomy":"product_cat","embeddable":true,"href":"https:\/\/viladoconde.com\/en\/wp-json\/wp\/v2\/product_cat?post=1482"},{"taxonomy":"product_tag","embeddable":true,"href":"https:\/\/viladoconde.com\/en\/wp-json\/wp\/v2\/product_tag?post=1482"}],"curies":[{"name":"wp","href":"https:\/\/api.w.org\/{rel}","templated":true}]}}