{"id":1483,"date":"2019-03-31T20:44:51","date_gmt":"2019-03-31T20:44:51","guid":{"rendered":"http:\/\/viladoconde.com\/?post_type=product&#038;p=1483"},"modified":"2019-07-15T12:13:36","modified_gmt":"2019-07-15T12:13:36","slug":"jose-regio-1o-centenario-postais","status":"publish","type":"product","link":"https:\/\/viladoconde.com\/en\/produto\/jose-regio-1o-centenario-postais\/","title":{"rendered":"Jos\u00e9 R\u00e9gio &#8211; 1\u00ba centen\u00e1rio &#8211; postais"},"content":{"rendered":"","protected":false},"excerpt":{"rendered":"<p><strong>Edi\u00e7\u00e3o\/Colec\u00e7\u00e3o<\/strong>: C\u00e2mara Municipal de Vila do Conde<br \/>\n<strong>Descri\u00e7\u00e3o<\/strong>: colec\u00e7\u00e3o de postais sobre a vida e obra de Jos\u00e9 R\u00e9gio<\/p>\n","protected":false},"featured_media":1024,"template":"","meta":[],"product_cat":[73],"product_tag":[147],"class_list":["post-1483","product","type-product","status-publish","has-post-thumbnail","hentry","product_cat-postais-fotos-imagens","product_tag-regio"],"_links":{"self":[{"href":"https:\/\/viladoconde.com\/en\/wp-json\/wp\/v2\/product\/1483","targetHints":{"allow":["GET"]}}],"collection":[{"href":"https:\/\/viladoconde.com\/en\/wp-json\/wp\/v2\/product"}],"about":[{"href":"https:\/\/viladoconde.com\/en\/wp-json\/wp\/v2\/types\/product"}],"wp:featuredmedia":[{"embeddable":true,"href":"https:\/\/viladoconde.com\/en\/wp-json\/wp\/v2\/media\/1024"}],"wp:attachment":[{"href":"https:\/\/viladoconde.com\/en\/wp-json\/wp\/v2\/media?parent=1483"}],"wp:term":[{"taxonomy":"product_cat","embeddable":true,"href":"https:\/\/viladoconde.com\/en\/wp-json\/wp\/v2\/product_cat?post=1483"},{"taxonomy":"product_tag","embeddable":true,"href":"https:\/\/viladoconde.com\/en\/wp-json\/wp\/v2\/product_tag?post=1483"}],"curies":[{"name":"wp","href":"https:\/\/api.w.org\/{rel}","templated":true}]}}