{"id":1486,"date":"2019-03-31T21:41:39","date_gmt":"2019-03-31T21:41:39","guid":{"rendered":"http:\/\/viladoconde.com\/?post_type=product&#038;p=1486"},"modified":"2023-05-13T06:35:17","modified_gmt":"2023-05-13T06:35:17","slug":"casa-minhota-do-exm-o-snr-jose-meneres-postal","status":"publish","type":"product","link":"https:\/\/viladoconde.com\/en\/produto\/casa-minhota-do-exm-o-snr-jose-meneres-postal\/","title":{"rendered":"Casa Minhota do Exm.\u00ba Snr. Jos\u00e9 Men\u00e9res &#8211; postal"},"content":{"rendered":"","protected":false},"excerpt":{"rendered":"<p><strong>Edi\u00e7\u00e3o\/Colec\u00e7\u00e3o<\/strong>: Jo\u00e3o da Costa Torres<br \/>\n<strong>Descri\u00e7\u00e3o<\/strong>: casa de Jos\u00e9 Men\u00e9res, conhecida como &#8220;Casa de Santa F\u00e9&#8221;<\/p>\n","protected":false},"featured_media":1026,"template":"","meta":[],"product_cat":[73],"product_tag":[82,149,150],"class_list":["post-1486","product","type-product","status-publish","has-post-thumbnail","hentry","product_cat-postais-fotos-imagens","product_tag-casa","product_tag-meneres","product_tag-torres"],"_links":{"self":[{"href":"https:\/\/viladoconde.com\/en\/wp-json\/wp\/v2\/product\/1486","targetHints":{"allow":["GET"]}}],"collection":[{"href":"https:\/\/viladoconde.com\/en\/wp-json\/wp\/v2\/product"}],"about":[{"href":"https:\/\/viladoconde.com\/en\/wp-json\/wp\/v2\/types\/product"}],"wp:featuredmedia":[{"embeddable":true,"href":"https:\/\/viladoconde.com\/en\/wp-json\/wp\/v2\/media\/1026"}],"wp:attachment":[{"href":"https:\/\/viladoconde.com\/en\/wp-json\/wp\/v2\/media?parent=1486"}],"wp:term":[{"taxonomy":"product_cat","embeddable":true,"href":"https:\/\/viladoconde.com\/en\/wp-json\/wp\/v2\/product_cat?post=1486"},{"taxonomy":"product_tag","embeddable":true,"href":"https:\/\/viladoconde.com\/en\/wp-json\/wp\/v2\/product_tag?post=1486"}],"curies":[{"name":"wp","href":"https:\/\/api.w.org\/{rel}","templated":true}]}}