{"id":1497,"date":"2019-04-01T02:02:06","date_gmt":"2019-04-01T02:02:06","guid":{"rendered":"http:\/\/viladoconde.com\/?post_type=product&#038;p=1497"},"modified":"2019-07-15T12:13:35","modified_gmt":"2019-07-15T12:13:35","slug":"villa-do-conde-campo-da-feira-e-extincto-convento-de-santa-clara-hoje-casa-de-correccao-postal","status":"publish","type":"product","link":"https:\/\/viladoconde.com\/en\/produto\/villa-do-conde-campo-da-feira-e-extincto-convento-de-santa-clara-hoje-casa-de-correccao-postal\/","title":{"rendered":"Villa do Conde &#8211; Campo da Feira e extincto convento de Santa Clara, hoje casa de correc\u00e7\u00e3o &#8211; postal"},"content":{"rendered":"","protected":false},"excerpt":{"rendered":"<p><strong>Edi\u00e7\u00e3o\/Colec\u00e7\u00e3o<\/strong>: Union Postale Universelle \/ F. A. Martins<br \/>\n<strong>Descri\u00e7\u00e3o<\/strong>: postal do Campo da Feira (atual Pra\u00e7a da Rep\u00fablica) e Mosteiro, durante a feira de gado<\/p>\n","protected":false},"featured_media":1050,"template":"","meta":[],"product_cat":[73],"product_tag":[179,157,154,74,76,152],"class_list":["post-1497","product","type-product","status-publish","has-post-thumbnail","hentry","product_cat-postais-fotos-imagens","product_tag-feira","product_tag-gado","product_tag-martins","product_tag-mosteiro","product_tag-terreiro","product_tag-upu"],"_links":{"self":[{"href":"https:\/\/viladoconde.com\/en\/wp-json\/wp\/v2\/product\/1497","targetHints":{"allow":["GET"]}}],"collection":[{"href":"https:\/\/viladoconde.com\/en\/wp-json\/wp\/v2\/product"}],"about":[{"href":"https:\/\/viladoconde.com\/en\/wp-json\/wp\/v2\/types\/product"}],"wp:featuredmedia":[{"embeddable":true,"href":"https:\/\/viladoconde.com\/en\/wp-json\/wp\/v2\/media\/1050"}],"wp:attachment":[{"href":"https:\/\/viladoconde.com\/en\/wp-json\/wp\/v2\/media?parent=1497"}],"wp:term":[{"taxonomy":"product_cat","embeddable":true,"href":"https:\/\/viladoconde.com\/en\/wp-json\/wp\/v2\/product_cat?post=1497"},{"taxonomy":"product_tag","embeddable":true,"href":"https:\/\/viladoconde.com\/en\/wp-json\/wp\/v2\/product_tag?post=1497"}],"curies":[{"name":"wp","href":"https:\/\/api.w.org\/{rel}","templated":true}]}}