{"id":1498,"date":"2019-04-01T03:15:18","date_gmt":"2019-04-01T03:15:18","guid":{"rendered":"http:\/\/viladoconde.com\/?post_type=product&#038;p=1498"},"modified":"2020-12-08T11:01:27","modified_gmt":"2020-12-08T11:01:27","slug":"villa-do-conde-avenida-julio-graca-postal","status":"publish","type":"product","link":"https:\/\/viladoconde.com\/en\/produto\/villa-do-conde-avenida-julio-graca-postal\/","title":{"rendered":"Villa do Conde &#8211; Avenida J\u00falio Gra\u00e7a &#8211; postal"},"content":{"rendered":"","protected":false},"excerpt":{"rendered":"<p><strong>Edi\u00e7\u00e3o\/Colec\u00e7\u00e3o<\/strong>: Union Postale Universelle \/ Typographia Ave<br \/>\n<strong>Descri\u00e7\u00e3o<\/strong>: postal do jardim da Avenida J\u00falio Gra\u00e7a, com a <a href=\"https:\/\/viladoconde.com\/igreja-de-nossa-senhora-do-desterro\/\" target=\"_blank\" rel=\"noopener noreferrer\">Capela de Santiago\/Desterro<\/a> ao fundo<\/p>\n","protected":false},"featured_media":5917,"template":"","meta":[],"product_cat":[73],"product_tag":[160,132,261,159,152],"class_list":["post-1498","product","type-product","status-publish","has-post-thumbnail","hentry","product_cat-postais-fotos-imagens","product_tag-desterro","product_tag-jardim","product_tag-julio-graca","product_tag-typ-ave","product_tag-upu"],"_links":{"self":[{"href":"https:\/\/viladoconde.com\/en\/wp-json\/wp\/v2\/product\/1498","targetHints":{"allow":["GET"]}}],"collection":[{"href":"https:\/\/viladoconde.com\/en\/wp-json\/wp\/v2\/product"}],"about":[{"href":"https:\/\/viladoconde.com\/en\/wp-json\/wp\/v2\/types\/product"}],"wp:featuredmedia":[{"embeddable":true,"href":"https:\/\/viladoconde.com\/en\/wp-json\/wp\/v2\/media\/5917"}],"wp:attachment":[{"href":"https:\/\/viladoconde.com\/en\/wp-json\/wp\/v2\/media?parent=1498"}],"wp:term":[{"taxonomy":"product_cat","embeddable":true,"href":"https:\/\/viladoconde.com\/en\/wp-json\/wp\/v2\/product_cat?post=1498"},{"taxonomy":"product_tag","embeddable":true,"href":"https:\/\/viladoconde.com\/en\/wp-json\/wp\/v2\/product_tag?post=1498"}],"curies":[{"name":"wp","href":"https:\/\/api.w.org\/{rel}","templated":true}]}}