{"id":1505,"date":"2019-04-01T03:48:49","date_gmt":"2019-04-01T03:48:49","guid":{"rendered":"http:\/\/viladoconde.com\/?post_type=product&#038;p=1505"},"modified":"2020-11-23T20:41:28","modified_gmt":"2020-11-23T20:41:28","slug":"villa-do-conde-casa-de-correccao-postal","status":"publish","type":"product","link":"https:\/\/viladoconde.com\/en\/produto\/villa-do-conde-casa-de-correccao-postal\/","title":{"rendered":"Villa do Conde &#8211; Casa de Correc\u00e7\u00e3o &#8211; postal"},"content":{"rendered":"","protected":false},"excerpt":{"rendered":"<p><strong>Edi\u00e7\u00e3o\/Colec\u00e7\u00e3o<\/strong>: Union Postale Universelle (1-15)<br \/>\n<strong>Descri\u00e7\u00e3o<\/strong>: postal das ru\u00ednas do antigo <a href=\"https:\/\/viladoconde.com\/mosteiro-e-igreja-de-santa-clara\/\" target=\"_blank\" rel=\"noopener noreferrer\">Mosteiro e Igreja de Santa Clara<\/a>, vistas de nascente<\/p>\n","protected":false},"featured_media":5797,"template":"","meta":[],"product_cat":[73],"product_tag":[92,263,152],"class_list":["post-1505","product","type-product","status-publish","has-post-thumbnail","hentry","product_cat-postais-fotos-imagens","product_tag-aqueduto","product_tag-mosteiro-de-santa-clara","product_tag-upu"],"_links":{"self":[{"href":"https:\/\/viladoconde.com\/en\/wp-json\/wp\/v2\/product\/1505","targetHints":{"allow":["GET"]}}],"collection":[{"href":"https:\/\/viladoconde.com\/en\/wp-json\/wp\/v2\/product"}],"about":[{"href":"https:\/\/viladoconde.com\/en\/wp-json\/wp\/v2\/types\/product"}],"wp:featuredmedia":[{"embeddable":true,"href":"https:\/\/viladoconde.com\/en\/wp-json\/wp\/v2\/media\/5797"}],"wp:attachment":[{"href":"https:\/\/viladoconde.com\/en\/wp-json\/wp\/v2\/media?parent=1505"}],"wp:term":[{"taxonomy":"product_cat","embeddable":true,"href":"https:\/\/viladoconde.com\/en\/wp-json\/wp\/v2\/product_cat?post=1505"},{"taxonomy":"product_tag","embeddable":true,"href":"https:\/\/viladoconde.com\/en\/wp-json\/wp\/v2\/product_tag?post=1505"}],"curies":[{"name":"wp","href":"https:\/\/api.w.org\/{rel}","templated":true}]}}