{"id":1508,"date":"2019-04-01T04:00:19","date_gmt":"2019-04-01T04:00:19","guid":{"rendered":"http:\/\/viladoconde.com\/?post_type=product&#038;p=1508"},"modified":"2020-11-23T20:35:06","modified_gmt":"2020-11-23T20:35:06","slug":"villa-do-conde-praca-vasco-da-gama-postal","status":"publish","type":"product","link":"https:\/\/viladoconde.com\/en\/produto\/villa-do-conde-praca-vasco-da-gama-postal\/","title":{"rendered":"Villa do Conde &#8211; Pra\u00e7a Vasco da Gama &#8211; postal"},"content":{"rendered":"","protected":false},"excerpt":{"rendered":"<p><strong>Edi\u00e7\u00e3o\/Colec\u00e7\u00e3o<\/strong>: Union Postale Universelle (1-15)<br \/>\n<strong>Descri\u00e7\u00e3o<\/strong>: postal do jardim da Pra\u00e7a Vasco da Gama, visualizando-se a torre sineira da <a href=\"https:\/\/viladoconde.com\/igreja-matriz\/\" target=\"_blank\" rel=\"noopener noreferrer\">Igreja Matriz<\/a> e a Capela dos Passos<\/p>\n","protected":false},"featured_media":5793,"template":"","meta":[],"product_cat":[73],"product_tag":[258,132,79,97,264,152],"class_list":["post-1508","product","type-product","status-publish","has-post-thumbnail","hentry","product_cat-postais-fotos-imagens","product_tag-1-15","product_tag-jardim","product_tag-matriz","product_tag-passos","product_tag-praca-vasco-da-gama","product_tag-upu"],"_links":{"self":[{"href":"https:\/\/viladoconde.com\/en\/wp-json\/wp\/v2\/product\/1508","targetHints":{"allow":["GET"]}}],"collection":[{"href":"https:\/\/viladoconde.com\/en\/wp-json\/wp\/v2\/product"}],"about":[{"href":"https:\/\/viladoconde.com\/en\/wp-json\/wp\/v2\/types\/product"}],"wp:featuredmedia":[{"embeddable":true,"href":"https:\/\/viladoconde.com\/en\/wp-json\/wp\/v2\/media\/5793"}],"wp:attachment":[{"href":"https:\/\/viladoconde.com\/en\/wp-json\/wp\/v2\/media?parent=1508"}],"wp:term":[{"taxonomy":"product_cat","embeddable":true,"href":"https:\/\/viladoconde.com\/en\/wp-json\/wp\/v2\/product_cat?post=1508"},{"taxonomy":"product_tag","embeddable":true,"href":"https:\/\/viladoconde.com\/en\/wp-json\/wp\/v2\/product_tag?post=1508"}],"curies":[{"name":"wp","href":"https:\/\/api.w.org\/{rel}","templated":true}]}}