{"id":1519,"date":"2019-04-02T18:28:14","date_gmt":"2019-04-02T18:28:14","guid":{"rendered":"http:\/\/viladoconde.com\/?post_type=product&#038;p=1519"},"modified":"2019-07-15T12:10:40","modified_gmt":"2019-07-15T12:10:40","slug":"rio-ave-por-do-sol-postal","status":"publish","type":"product","link":"https:\/\/viladoconde.com\/en\/produto\/rio-ave-por-do-sol-postal\/","title":{"rendered":"Rio Ave &#8211; P\u00f4r do Sol &#8211; postal"},"content":{"rendered":"","protected":false},"excerpt":{"rendered":"<p><strong>Edi\u00e7\u00e3o\/Colec\u00e7\u00e3o<\/strong>: Praia de Vila do Conde &#8211; Jo\u00e3o da Costa Torres<br \/>\n<strong>Descri\u00e7\u00e3o<\/strong>: postal do rio Ave ao p\u00f4r do sol, com a silhueta da Capela do Socorro<\/p>\n","protected":false},"featured_media":1093,"template":"","meta":[],"product_cat":[73],"product_tag":[75,106,150],"class_list":["post-1519","product","type-product","status-publish","has-post-thumbnail","hentry","product_cat-postais-fotos-imagens","product_tag-rio","product_tag-socorro","product_tag-torres"],"_links":{"self":[{"href":"https:\/\/viladoconde.com\/en\/wp-json\/wp\/v2\/product\/1519","targetHints":{"allow":["GET"]}}],"collection":[{"href":"https:\/\/viladoconde.com\/en\/wp-json\/wp\/v2\/product"}],"about":[{"href":"https:\/\/viladoconde.com\/en\/wp-json\/wp\/v2\/types\/product"}],"wp:featuredmedia":[{"embeddable":true,"href":"https:\/\/viladoconde.com\/en\/wp-json\/wp\/v2\/media\/1093"}],"wp:attachment":[{"href":"https:\/\/viladoconde.com\/en\/wp-json\/wp\/v2\/media?parent=1519"}],"wp:term":[{"taxonomy":"product_cat","embeddable":true,"href":"https:\/\/viladoconde.com\/en\/wp-json\/wp\/v2\/product_cat?post=1519"},{"taxonomy":"product_tag","embeddable":true,"href":"https:\/\/viladoconde.com\/en\/wp-json\/wp\/v2\/product_tag?post=1519"}],"curies":[{"name":"wp","href":"https:\/\/api.w.org\/{rel}","templated":true}]}}