{"id":1522,"date":"2019-04-02T18:52:45","date_gmt":"2019-04-02T18:52:45","guid":{"rendered":"http:\/\/viladoconde.com\/?post_type=product&#038;p=1522"},"modified":"2019-07-15T12:10:40","modified_gmt":"2019-07-15T12:10:40","slug":"camara-municipal-postal","status":"publish","type":"product","link":"https:\/\/viladoconde.com\/en\/produto\/camara-municipal-postal\/","title":{"rendered":"C\u00e2mara Municipal &#8211; postal"},"content":{"rendered":"","protected":false},"excerpt":{"rendered":"<p><strong>Edi\u00e7\u00e3o\/Colec\u00e7\u00e3o<\/strong>: Praia de Vila do Conde &#8211; Jo\u00e3o da Costa Torres<br \/>\n<strong>Descri\u00e7\u00e3o<\/strong>: postal dos Pa\u00e7os do Concelho e Pelourinho<\/p>\n","protected":false},"featured_media":1099,"template":"","meta":[],"product_cat":[73],"product_tag":[93,81,150],"class_list":["post-1522","product","type-product","status-publish","has-post-thumbnail","hentry","product_cat-postais-fotos-imagens","product_tag-camara","product_tag-pelourinho","product_tag-torres"],"_links":{"self":[{"href":"https:\/\/viladoconde.com\/en\/wp-json\/wp\/v2\/product\/1522","targetHints":{"allow":["GET"]}}],"collection":[{"href":"https:\/\/viladoconde.com\/en\/wp-json\/wp\/v2\/product"}],"about":[{"href":"https:\/\/viladoconde.com\/en\/wp-json\/wp\/v2\/types\/product"}],"wp:featuredmedia":[{"embeddable":true,"href":"https:\/\/viladoconde.com\/en\/wp-json\/wp\/v2\/media\/1099"}],"wp:attachment":[{"href":"https:\/\/viladoconde.com\/en\/wp-json\/wp\/v2\/media?parent=1522"}],"wp:term":[{"taxonomy":"product_cat","embeddable":true,"href":"https:\/\/viladoconde.com\/en\/wp-json\/wp\/v2\/product_cat?post=1522"},{"taxonomy":"product_tag","embeddable":true,"href":"https:\/\/viladoconde.com\/en\/wp-json\/wp\/v2\/product_tag?post=1522"}],"curies":[{"name":"wp","href":"https:\/\/api.w.org\/{rel}","templated":true}]}}