{"id":1529,"date":"2019-04-03T00:38:41","date_gmt":"2019-04-03T00:38:41","guid":{"rendered":"http:\/\/viladoconde.com\/?post_type=product&#038;p=1529"},"modified":"2019-07-15T12:09:44","modified_gmt":"2019-07-15T12:09:44","slug":"vista-parcial-praia-villa-do-conde-postal","status":"publish","type":"product","link":"https:\/\/viladoconde.com\/en\/produto\/vista-parcial-praia-villa-do-conde-postal\/","title":{"rendered":"Vista Parcial &#8211; Praia &#8211; Villa do Conde &#8211; postal"},"content":{"rendered":"","protected":false},"excerpt":{"rendered":"<p><strong>Edi\u00e7\u00e3o\/Colec\u00e7\u00e3o<\/strong>:<br \/>\n<strong>Descri\u00e7\u00e3o<\/strong>: postal de uma pintura da panor\u00e2mica de Vila do Conde, com os quintais da atual Pra\u00e7a Jos\u00e9 R\u00e9gio em primeiro plano. Escrito em 1977, ter\u00e1 sido produzido em 1913. N\u00e3o s\u00f3 o tra\u00e7ado, mas tamb\u00e9m a data de <a href=\"http:\/\/viladoconde.com\/produto\/fazendo-renda-flores-e-ca-villa-do-conde-postal\/\" target=\"_blank\" rel=\"noopener noreferrer\">um postal<\/a> que, ao que tudo indica, ser\u00e1 da mesma s\u00e9rie, apontam para essa data.<\/p>\n","protected":false},"featured_media":1129,"template":"","meta":[],"product_cat":[73],"product_tag":[119,171],"class_list":["post-1529","product","type-product","status-publish","has-post-thumbnail","hentry","product_cat-postais-fotos-imagens","product_tag-mar","product_tag-praca-regio"],"_links":{"self":[{"href":"https:\/\/viladoconde.com\/en\/wp-json\/wp\/v2\/product\/1529","targetHints":{"allow":["GET"]}}],"collection":[{"href":"https:\/\/viladoconde.com\/en\/wp-json\/wp\/v2\/product"}],"about":[{"href":"https:\/\/viladoconde.com\/en\/wp-json\/wp\/v2\/types\/product"}],"wp:featuredmedia":[{"embeddable":true,"href":"https:\/\/viladoconde.com\/en\/wp-json\/wp\/v2\/media\/1129"}],"wp:attachment":[{"href":"https:\/\/viladoconde.com\/en\/wp-json\/wp\/v2\/media?parent=1529"}],"wp:term":[{"taxonomy":"product_cat","embeddable":true,"href":"https:\/\/viladoconde.com\/en\/wp-json\/wp\/v2\/product_cat?post=1529"},{"taxonomy":"product_tag","embeddable":true,"href":"https:\/\/viladoconde.com\/en\/wp-json\/wp\/v2\/product_tag?post=1529"}],"curies":[{"name":"wp","href":"https:\/\/api.w.org\/{rel}","templated":true}]}}