{"id":1530,"date":"2019-04-03T01:04:21","date_gmt":"2019-04-03T01:04:21","guid":{"rendered":"http:\/\/viladoconde.com\/?post_type=product&#038;p=1530"},"modified":"2019-07-15T12:09:44","modified_gmt":"2019-07-15T12:09:44","slug":"panorama-sobre-a-praca-da-republica-e-foz-do-rio-ave-postal","status":"publish","type":"product","link":"https:\/\/viladoconde.com\/en\/produto\/panorama-sobre-a-praca-da-republica-e-foz-do-rio-ave-postal\/","title":{"rendered":"Panorama sobre a Pra\u00e7a da Rep\u00fablica e foz do Rio Ave &#8211; postal"},"content":{"rendered":"","protected":false},"excerpt":{"rendered":"<p><strong>Edi\u00e7\u00e3o\/Colec\u00e7\u00e3o<\/strong>:<br \/>\n<strong>Descri\u00e7\u00e3o<\/strong>: postal da vista panor\u00e2mica desde o topo do Mosteiro sobre a Pra\u00e7a da Rep\u00fablica e rio Ave at\u00e9 \u00e0 sua foz e zonas envolventes<\/p>\n","protected":false},"featured_media":1113,"template":"","meta":[],"product_cat":[73],"product_tag":[153,86,99,98,119,74,75,106,76],"class_list":["post-1530","product","type-product","status-publish","has-post-thumbnail","hentry","product_cat-postais-fotos-imagens","product_tag-barcos","product_tag-estaleiros","product_tag-forte","product_tag-guia","product_tag-mar","product_tag-mosteiro","product_tag-rio","product_tag-socorro","product_tag-terreiro"],"_links":{"self":[{"href":"https:\/\/viladoconde.com\/en\/wp-json\/wp\/v2\/product\/1530","targetHints":{"allow":["GET"]}}],"collection":[{"href":"https:\/\/viladoconde.com\/en\/wp-json\/wp\/v2\/product"}],"about":[{"href":"https:\/\/viladoconde.com\/en\/wp-json\/wp\/v2\/types\/product"}],"wp:featuredmedia":[{"embeddable":true,"href":"https:\/\/viladoconde.com\/en\/wp-json\/wp\/v2\/media\/1113"}],"wp:attachment":[{"href":"https:\/\/viladoconde.com\/en\/wp-json\/wp\/v2\/media?parent=1530"}],"wp:term":[{"taxonomy":"product_cat","embeddable":true,"href":"https:\/\/viladoconde.com\/en\/wp-json\/wp\/v2\/product_cat?post=1530"},{"taxonomy":"product_tag","embeddable":true,"href":"https:\/\/viladoconde.com\/en\/wp-json\/wp\/v2\/product_tag?post=1530"}],"curies":[{"name":"wp","href":"https:\/\/api.w.org\/{rel}","templated":true}]}}