{"id":1536,"date":"2019-04-03T01:51:04","date_gmt":"2019-04-03T01:51:04","guid":{"rendered":"http:\/\/viladoconde.com\/?post_type=product&#038;p=1536"},"modified":"2019-07-15T12:09:43","modified_gmt":"2019-07-15T12:09:43","slug":"edificio-dos-pacos-do-concelho-construido-em-1543-postal","status":"publish","type":"product","link":"https:\/\/viladoconde.com\/en\/produto\/edificio-dos-pacos-do-concelho-construido-em-1543-postal\/","title":{"rendered":"Edif\u00edcio dos Pa\u00e7os do Concelho, constru\u00eddo em 1543 &#8211; postal"},"content":{"rendered":"","protected":false},"excerpt":{"rendered":"<p><strong>Edi\u00e7\u00e3o\/Colec\u00e7\u00e3o<\/strong>: Carlos Adriano<br \/>\n<strong>Descri\u00e7\u00e3o<\/strong>: postal dos Pa\u00e7os do Concelho<\/p>\n","protected":false},"featured_media":1149,"template":"","meta":[],"product_cat":[73],"product_tag":[170,93],"class_list":["post-1536","product","type-product","status-publish","has-post-thumbnail","hentry","product_cat-postais-fotos-imagens","product_tag-adriano","product_tag-camara"],"_links":{"self":[{"href":"https:\/\/viladoconde.com\/en\/wp-json\/wp\/v2\/product\/1536","targetHints":{"allow":["GET"]}}],"collection":[{"href":"https:\/\/viladoconde.com\/en\/wp-json\/wp\/v2\/product"}],"about":[{"href":"https:\/\/viladoconde.com\/en\/wp-json\/wp\/v2\/types\/product"}],"wp:featuredmedia":[{"embeddable":true,"href":"https:\/\/viladoconde.com\/en\/wp-json\/wp\/v2\/media\/1149"}],"wp:attachment":[{"href":"https:\/\/viladoconde.com\/en\/wp-json\/wp\/v2\/media?parent=1536"}],"wp:term":[{"taxonomy":"product_cat","embeddable":true,"href":"https:\/\/viladoconde.com\/en\/wp-json\/wp\/v2\/product_cat?post=1536"},{"taxonomy":"product_tag","embeddable":true,"href":"https:\/\/viladoconde.com\/en\/wp-json\/wp\/v2\/product_tag?post=1536"}],"curies":[{"name":"wp","href":"https:\/\/api.w.org\/{rel}","templated":true}]}}