{"id":1541,"date":"2019-04-03T02:59:13","date_gmt":"2019-04-03T02:59:13","guid":{"rendered":"http:\/\/viladoconde.com\/?post_type=product&#038;p=1541"},"modified":"2019-07-15T12:09:43","modified_gmt":"2019-07-15T12:09:43","slug":"palacio-hotel-postal","status":"publish","type":"product","link":"https:\/\/viladoconde.com\/en\/produto\/palacio-hotel-postal\/","title":{"rendered":"Pal\u00e1cio Hotel &#8211; postal"},"content":{"rendered":"","protected":false},"excerpt":{"rendered":"<p><strong>Edi\u00e7\u00e3o\/Colec\u00e7\u00e3o<\/strong>: C\u00f3mer<br \/>\n<strong>Descri\u00e7\u00e3o<\/strong>: postal do Pal\u00e1cio Hotel, hall de entrada, bar e restaurante<\/p>\n","protected":false},"featured_media":1321,"template":"","meta":[],"product_cat":[73],"product_tag":[175,137],"class_list":["post-1541","product","type-product","status-publish","has-post-thumbnail","hentry","product_cat-postais-fotos-imagens","product_tag-comer","product_tag-palace"],"_links":{"self":[{"href":"https:\/\/viladoconde.com\/en\/wp-json\/wp\/v2\/product\/1541","targetHints":{"allow":["GET"]}}],"collection":[{"href":"https:\/\/viladoconde.com\/en\/wp-json\/wp\/v2\/product"}],"about":[{"href":"https:\/\/viladoconde.com\/en\/wp-json\/wp\/v2\/types\/product"}],"wp:featuredmedia":[{"embeddable":true,"href":"https:\/\/viladoconde.com\/en\/wp-json\/wp\/v2\/media\/1321"}],"wp:attachment":[{"href":"https:\/\/viladoconde.com\/en\/wp-json\/wp\/v2\/media?parent=1541"}],"wp:term":[{"taxonomy":"product_cat","embeddable":true,"href":"https:\/\/viladoconde.com\/en\/wp-json\/wp\/v2\/product_cat?post=1541"},{"taxonomy":"product_tag","embeddable":true,"href":"https:\/\/viladoconde.com\/en\/wp-json\/wp\/v2\/product_tag?post=1541"}],"curies":[{"name":"wp","href":"https:\/\/api.w.org\/{rel}","templated":true}]}}