{"id":1666,"date":"2019-04-03T04:42:40","date_gmt":"2019-04-03T04:42:40","guid":{"rendered":"http:\/\/viladoconde.com\/?post_type=product&#038;p=1666"},"modified":"2019-07-15T12:09:43","modified_gmt":"2019-07-15T12:09:43","slug":"villa-do-conde-mercado-de-sao-joao-postal","status":"publish","type":"product","link":"https:\/\/viladoconde.com\/en\/produto\/villa-do-conde-mercado-de-sao-joao-postal\/","title":{"rendered":"Villa do Conde &#8211; Mercado de S\u00e3o Jo\u00e3o &#8211; postal"},"content":{"rendered":"","protected":false},"excerpt":{"rendered":"<p><strong>Edi\u00e7\u00e3o\/Colec\u00e7\u00e3o<\/strong>: Bazar Moderno<br \/>\n<strong>Descri\u00e7\u00e3o<\/strong>: postal da feira na Pra\u00e7a de S\u00e3o Jo\u00e3o, com acesso \u00e0s traseiras da Matriz ainda por rampa<\/p>\n","protected":false},"featured_media":1555,"template":"","meta":[],"product_cat":[73],"product_tag":[180,179,79,185],"class_list":["post-1666","product","type-product","status-publish","has-post-thumbnail","hentry","product_cat-postais-fotos-imagens","product_tag-bazar","product_tag-feira","product_tag-matriz","product_tag-praca-sao-joao"],"_links":{"self":[{"href":"https:\/\/viladoconde.com\/en\/wp-json\/wp\/v2\/product\/1666","targetHints":{"allow":["GET"]}}],"collection":[{"href":"https:\/\/viladoconde.com\/en\/wp-json\/wp\/v2\/product"}],"about":[{"href":"https:\/\/viladoconde.com\/en\/wp-json\/wp\/v2\/types\/product"}],"wp:featuredmedia":[{"embeddable":true,"href":"https:\/\/viladoconde.com\/en\/wp-json\/wp\/v2\/media\/1555"}],"wp:attachment":[{"href":"https:\/\/viladoconde.com\/en\/wp-json\/wp\/v2\/media?parent=1666"}],"wp:term":[{"taxonomy":"product_cat","embeddable":true,"href":"https:\/\/viladoconde.com\/en\/wp-json\/wp\/v2\/product_cat?post=1666"},{"taxonomy":"product_tag","embeddable":true,"href":"https:\/\/viladoconde.com\/en\/wp-json\/wp\/v2\/product_tag?post=1666"}],"curies":[{"name":"wp","href":"https:\/\/api.w.org\/{rel}","templated":true}]}}