{"id":1680,"date":"2019-04-03T06:14:50","date_gmt":"2019-04-03T06:14:50","guid":{"rendered":"http:\/\/viladoconde.com\/?post_type=product&#038;p=1680"},"modified":"2019-07-15T12:09:20","modified_gmt":"2019-07-15T12:09:20","slug":"igreja-de-sao-joao-baptista-matriz-postal-2","status":"publish","type":"product","link":"https:\/\/viladoconde.com\/en\/produto\/igreja-de-sao-joao-baptista-matriz-postal-2\/","title":{"rendered":"Igreja de S\u00e3o Jo\u00e3o Baptista (Matriz) &#8211; postal"},"content":{"rendered":"","protected":false},"excerpt":{"rendered":"<p><strong>Edi\u00e7\u00e3o\/Colec\u00e7\u00e3o<\/strong>: Passaporte (LOTY)<br \/>\n<strong>Descri\u00e7\u00e3o<\/strong>: postal da Igreja Matriz<\/p>\n","protected":false},"featured_media":1592,"template":"","meta":[],"product_cat":[73],"product_tag":[132,184,79],"class_list":["post-1680","product","type-product","status-publish","has-post-thumbnail","hentry","product_cat-postais-fotos-imagens","product_tag-jardim","product_tag-loty","product_tag-matriz"],"_links":{"self":[{"href":"https:\/\/viladoconde.com\/en\/wp-json\/wp\/v2\/product\/1680","targetHints":{"allow":["GET"]}}],"collection":[{"href":"https:\/\/viladoconde.com\/en\/wp-json\/wp\/v2\/product"}],"about":[{"href":"https:\/\/viladoconde.com\/en\/wp-json\/wp\/v2\/types\/product"}],"wp:featuredmedia":[{"embeddable":true,"href":"https:\/\/viladoconde.com\/en\/wp-json\/wp\/v2\/media\/1592"}],"wp:attachment":[{"href":"https:\/\/viladoconde.com\/en\/wp-json\/wp\/v2\/media?parent=1680"}],"wp:term":[{"taxonomy":"product_cat","embeddable":true,"href":"https:\/\/viladoconde.com\/en\/wp-json\/wp\/v2\/product_cat?post=1680"},{"taxonomy":"product_tag","embeddable":true,"href":"https:\/\/viladoconde.com\/en\/wp-json\/wp\/v2\/product_tag?post=1680"}],"curies":[{"name":"wp","href":"https:\/\/api.w.org\/{rel}","templated":true}]}}