{"id":1681,"date":"2019-04-03T06:16:39","date_gmt":"2019-04-03T06:16:39","guid":{"rendered":"http:\/\/viladoconde.com\/?post_type=product&#038;p=1681"},"modified":"2019-07-15T12:09:20","modified_gmt":"2019-07-15T12:09:20","slug":"abside-da-igreja-matriz-ou-de-sao-joao-batista-postal","status":"publish","type":"product","link":"https:\/\/viladoconde.com\/en\/produto\/abside-da-igreja-matriz-ou-de-sao-joao-batista-postal\/","title":{"rendered":"Abside da Igreja Matriz ou de S\u00e3o Jo\u00e3o Batista &#8211; postal"},"content":{"rendered":"","protected":false},"excerpt":{"rendered":"<p><strong>Edi\u00e7\u00e3o\/Colec\u00e7\u00e3o<\/strong>: Passaporte (LOTY)<br \/>\n<strong>Descri\u00e7\u00e3o<\/strong>: postal da Igreja Matriz vista do monte do Mosteiro<\/p>\n","protected":false},"featured_media":1594,"template":"","meta":[],"product_cat":[73],"product_tag":[93,184,79],"class_list":["post-1681","product","type-product","status-publish","has-post-thumbnail","hentry","product_cat-postais-fotos-imagens","product_tag-camara","product_tag-loty","product_tag-matriz"],"_links":{"self":[{"href":"https:\/\/viladoconde.com\/en\/wp-json\/wp\/v2\/product\/1681","targetHints":{"allow":["GET"]}}],"collection":[{"href":"https:\/\/viladoconde.com\/en\/wp-json\/wp\/v2\/product"}],"about":[{"href":"https:\/\/viladoconde.com\/en\/wp-json\/wp\/v2\/types\/product"}],"wp:featuredmedia":[{"embeddable":true,"href":"https:\/\/viladoconde.com\/en\/wp-json\/wp\/v2\/media\/1594"}],"wp:attachment":[{"href":"https:\/\/viladoconde.com\/en\/wp-json\/wp\/v2\/media?parent=1681"}],"wp:term":[{"taxonomy":"product_cat","embeddable":true,"href":"https:\/\/viladoconde.com\/en\/wp-json\/wp\/v2\/product_cat?post=1681"},{"taxonomy":"product_tag","embeddable":true,"href":"https:\/\/viladoconde.com\/en\/wp-json\/wp\/v2\/product_tag?post=1681"}],"curies":[{"name":"wp","href":"https:\/\/api.w.org\/{rel}","templated":true}]}}