{"id":1692,"date":"2019-04-03T19:46:30","date_gmt":"2019-04-03T19:46:30","guid":{"rendered":"http:\/\/viladoconde.com\/?post_type=product&#038;p=1692"},"modified":"2019-07-15T12:08:34","modified_gmt":"2019-07-15T12:08:34","slug":"interior-da-igreja-da-misericordia-postal","status":"publish","type":"product","link":"https:\/\/viladoconde.com\/en\/produto\/interior-da-igreja-da-misericordia-postal\/","title":{"rendered":"Interior da Igreja da Miseric\u00f3rdia &#8211; postal"},"content":{"rendered":"","protected":false},"excerpt":{"rendered":"<p><strong>Edi\u00e7\u00e3o\/Colec\u00e7\u00e3o<\/strong>: LOTY<br \/>\n<strong>Descri\u00e7\u00e3o<\/strong>: postal do interior da Igreja da Miseric\u00f3rdia<\/p>\n","protected":false},"featured_media":1614,"template":"","meta":[],"product_cat":[73],"product_tag":[184,94],"class_list":["post-1692","product","type-product","status-publish","has-post-thumbnail","hentry","product_cat-postais-fotos-imagens","product_tag-loty","product_tag-misericordia"],"_links":{"self":[{"href":"https:\/\/viladoconde.com\/en\/wp-json\/wp\/v2\/product\/1692","targetHints":{"allow":["GET"]}}],"collection":[{"href":"https:\/\/viladoconde.com\/en\/wp-json\/wp\/v2\/product"}],"about":[{"href":"https:\/\/viladoconde.com\/en\/wp-json\/wp\/v2\/types\/product"}],"wp:featuredmedia":[{"embeddable":true,"href":"https:\/\/viladoconde.com\/en\/wp-json\/wp\/v2\/media\/1614"}],"wp:attachment":[{"href":"https:\/\/viladoconde.com\/en\/wp-json\/wp\/v2\/media?parent=1692"}],"wp:term":[{"taxonomy":"product_cat","embeddable":true,"href":"https:\/\/viladoconde.com\/en\/wp-json\/wp\/v2\/product_cat?post=1692"},{"taxonomy":"product_tag","embeddable":true,"href":"https:\/\/viladoconde.com\/en\/wp-json\/wp\/v2\/product_tag?post=1692"}],"curies":[{"name":"wp","href":"https:\/\/api.w.org\/{rel}","templated":true}]}}