{"id":1697,"date":"2019-04-04T00:30:40","date_gmt":"2019-04-04T00:30:40","guid":{"rendered":"http:\/\/viladoconde.com\/?post_type=product&#038;p=1697"},"modified":"2020-12-09T11:42:18","modified_gmt":"2020-12-09T11:42:18","slug":"praia-de-vila-do-conde-antigo-convento-de-santa-clara-e-feira-de-gado-na-praca-da-republica-postal","status":"publish","type":"product","link":"https:\/\/viladoconde.com\/en\/produto\/praia-de-vila-do-conde-antigo-convento-de-santa-clara-e-feira-de-gado-na-praca-da-republica-postal\/","title":{"rendered":"Praia de Vila do Conde &#8211;\u00a0Antigo Convento de Santa Clara e Feira de gado na Pra\u00e7a da Rep\u00fablica &#8211; postal"},"content":{"rendered":"","protected":false},"excerpt":{"rendered":"<p><strong>Edi\u00e7\u00e3o\/Colec\u00e7\u00e3o<\/strong>: UPU \/ Mercearia Central \u2013 Jo\u00e3o da Costa Torres (colorido)<br \/>\n<strong>Descri\u00e7\u00e3o<\/strong>: postal da Pra\u00e7a da Rep\u00fablica e ru\u00ednas do <a href=\"https:\/\/viladoconde.com\/mosteiro-e-igreja-de-santa-clara\/\" target=\"_blank\" rel=\"noopener noreferrer\">Convento de Santa Clara<\/a>, durante a feira de gado<\/p>\n","protected":false},"featured_media":5996,"template":"","meta":[],"product_cat":[73],"product_tag":[179,157,74,76,285,152],"class_list":["post-1697","product","type-product","status-publish","has-post-thumbnail","hentry","product_cat-postais-fotos-imagens","product_tag-feira","product_tag-gado","product_tag-mosteiro","product_tag-terreiro","product_tag-torres-colorido","product_tag-upu"],"_links":{"self":[{"href":"https:\/\/viladoconde.com\/en\/wp-json\/wp\/v2\/product\/1697","targetHints":{"allow":["GET"]}}],"collection":[{"href":"https:\/\/viladoconde.com\/en\/wp-json\/wp\/v2\/product"}],"about":[{"href":"https:\/\/viladoconde.com\/en\/wp-json\/wp\/v2\/types\/product"}],"wp:featuredmedia":[{"embeddable":true,"href":"https:\/\/viladoconde.com\/en\/wp-json\/wp\/v2\/media\/5996"}],"wp:attachment":[{"href":"https:\/\/viladoconde.com\/en\/wp-json\/wp\/v2\/media?parent=1697"}],"wp:term":[{"taxonomy":"product_cat","embeddable":true,"href":"https:\/\/viladoconde.com\/en\/wp-json\/wp\/v2\/product_cat?post=1697"},{"taxonomy":"product_tag","embeddable":true,"href":"https:\/\/viladoconde.com\/en\/wp-json\/wp\/v2\/product_tag?post=1697"}],"curies":[{"name":"wp","href":"https:\/\/api.w.org\/{rel}","templated":true}]}}