{"id":1698,"date":"2019-04-04T00:31:05","date_gmt":"2019-04-04T00:31:05","guid":{"rendered":"http:\/\/viladoconde.com\/?post_type=product&#038;p=1698"},"modified":"2020-12-09T13:52:17","modified_gmt":"2020-12-09T13:52:17","slug":"praia-de-vila-do-conde-castelo-e-memoria-postal","status":"publish","type":"product","link":"https:\/\/viladoconde.com\/en\/produto\/praia-de-vila-do-conde-castelo-e-memoria-postal\/","title":{"rendered":"Praia de Vila do Conde &#8211;\u00a0Castelo e Mem\u00f3ria &#8211; postal"},"content":{"rendered":"","protected":false},"excerpt":{"rendered":"<p><strong>Edi\u00e7\u00e3o\/Colec\u00e7\u00e3o<\/strong>: UPU \/ Mercearia Central \u2013 Jo\u00e3o da Costa Torres (colorido)<br \/>\n<strong>Descri\u00e7\u00e3o<\/strong>: postal do <a href=\"https:\/\/viladoconde.com\/forte-de-sao-joao-baptista\/\" target=\"_blank\" rel=\"noopener noreferrer\">Forte de S\u00e3o Jo\u00e3o<\/a> e <a href=\"https:\/\/viladoconde.com\/padrao-da-memoria\/\" target=\"_blank\" rel=\"noopener noreferrer\">Padr\u00e3o da Mem\u00f3ria<\/a><\/p>\n","protected":false},"featured_media":6020,"template":"","meta":[],"product_cat":[73],"product_tag":[99,98,278,100,285,152],"class_list":["post-1698","product","type-product","status-publish","has-post-thumbnail","hentry","product_cat-postais-fotos-imagens","product_tag-forte","product_tag-guia","product_tag-memoria","product_tag-praia","product_tag-torres-colorido","product_tag-upu"],"_links":{"self":[{"href":"https:\/\/viladoconde.com\/en\/wp-json\/wp\/v2\/product\/1698","targetHints":{"allow":["GET"]}}],"collection":[{"href":"https:\/\/viladoconde.com\/en\/wp-json\/wp\/v2\/product"}],"about":[{"href":"https:\/\/viladoconde.com\/en\/wp-json\/wp\/v2\/types\/product"}],"wp:featuredmedia":[{"embeddable":true,"href":"https:\/\/viladoconde.com\/en\/wp-json\/wp\/v2\/media\/6020"}],"wp:attachment":[{"href":"https:\/\/viladoconde.com\/en\/wp-json\/wp\/v2\/media?parent=1698"}],"wp:term":[{"taxonomy":"product_cat","embeddable":true,"href":"https:\/\/viladoconde.com\/en\/wp-json\/wp\/v2\/product_cat?post=1698"},{"taxonomy":"product_tag","embeddable":true,"href":"https:\/\/viladoconde.com\/en\/wp-json\/wp\/v2\/product_tag?post=1698"}],"curies":[{"name":"wp","href":"https:\/\/api.w.org\/{rel}","templated":true}]}}