{"id":1702,"date":"2019-04-04T02:13:33","date_gmt":"2019-04-04T02:13:33","guid":{"rendered":"http:\/\/viladoconde.com\/?post_type=product&#038;p=1702"},"modified":"2020-12-09T11:54:05","modified_gmt":"2020-12-09T11:54:05","slug":"praia-de-vila-do-conde-azenhas-e-acude-postal","status":"publish","type":"product","link":"https:\/\/viladoconde.com\/en\/produto\/praia-de-vila-do-conde-azenhas-e-acude-postal\/","title":{"rendered":"Praia de Vila do Conde &#8211;\u00a0Azenhas e A\u00e7ude &#8211; postal"},"content":{"rendered":"","protected":false},"excerpt":{"rendered":"<p><strong>Edi\u00e7\u00e3o\/Colec\u00e7\u00e3o<\/strong>: UPU \/ Mercearia Central \u2013 Jo\u00e3o da Costa Torres (colorido)<br \/>\n<strong>Descri\u00e7\u00e3o<\/strong>: postal do rio Ave, mostrando o <a href=\"https:\/\/viladoconde.com\/azenhas-e-acude\/\" target=\"_blank\" rel=\"noopener noreferrer\">a\u00e7ude<\/a> e as <a href=\"https:\/\/viladoconde.com\/as-azenhas-da-vila\/\" target=\"_blank\" rel=\"noopener noreferrer\">azenhas<\/a> de ambas as margens<\/p>\n","protected":false},"featured_media":6000,"template":"","meta":[],"product_cat":[73],"product_tag":[113,112,133,75,285,152],"class_list":["post-1702","product","type-product","status-publish","has-post-thumbnail","hentry","product_cat-postais-fotos-imagens","product_tag-acude","product_tag-azenha-azurara","product_tag-azenha-vila","product_tag-rio","product_tag-torres-colorido","product_tag-upu"],"_links":{"self":[{"href":"https:\/\/viladoconde.com\/en\/wp-json\/wp\/v2\/product\/1702","targetHints":{"allow":["GET"]}}],"collection":[{"href":"https:\/\/viladoconde.com\/en\/wp-json\/wp\/v2\/product"}],"about":[{"href":"https:\/\/viladoconde.com\/en\/wp-json\/wp\/v2\/types\/product"}],"wp:featuredmedia":[{"embeddable":true,"href":"https:\/\/viladoconde.com\/en\/wp-json\/wp\/v2\/media\/6000"}],"wp:attachment":[{"href":"https:\/\/viladoconde.com\/en\/wp-json\/wp\/v2\/media?parent=1702"}],"wp:term":[{"taxonomy":"product_cat","embeddable":true,"href":"https:\/\/viladoconde.com\/en\/wp-json\/wp\/v2\/product_cat?post=1702"},{"taxonomy":"product_tag","embeddable":true,"href":"https:\/\/viladoconde.com\/en\/wp-json\/wp\/v2\/product_tag?post=1702"}],"curies":[{"name":"wp","href":"https:\/\/api.w.org\/{rel}","templated":true}]}}