{"id":1703,"date":"2019-04-04T02:18:17","date_gmt":"2019-04-04T02:18:17","guid":{"rendered":"http:\/\/viladoconde.com\/?post_type=product&#038;p=1703"},"modified":"2020-12-09T12:36:16","modified_gmt":"2020-12-09T12:36:16","slug":"praia-de-vila-do-conde-aqueduto-e-fabrica-de-lapis-postal","status":"publish","type":"product","link":"https:\/\/viladoconde.com\/en\/produto\/praia-de-vila-do-conde-aqueduto-e-fabrica-de-lapis-postal\/","title":{"rendered":"Praia de Vila do Conde &#8211;\u00a0Aqueduto e F\u00e1brica de L\u00e1pis &#8211; postal"},"content":{"rendered":"","protected":false},"excerpt":{"rendered":"<p><strong>Edi\u00e7\u00e3o\/Colec\u00e7\u00e3o<\/strong>: UPU \/ Mercearia Central \u2013 Jo\u00e3o da Costa Torres (colorido)<br \/>\n<strong>Descri\u00e7\u00e3o<\/strong>: postal da f\u00e1brica de l\u00e1pis &#8220;Portug\u00e1lia&#8221; e <a href=\"https:\/\/viladoconde.com\/aqueduto-de-santa-clara\/\" target=\"_blank\" rel=\"noopener noreferrer\">Aqueduto<\/a><\/p>\n","protected":false},"featured_media":6006,"template":"","meta":[],"product_cat":[73],"product_tag":[92,142,285,152],"class_list":["post-1703","product","type-product","status-publish","has-post-thumbnail","hentry","product_cat-postais-fotos-imagens","product_tag-aqueduto","product_tag-lapis","product_tag-torres-colorido","product_tag-upu"],"_links":{"self":[{"href":"https:\/\/viladoconde.com\/en\/wp-json\/wp\/v2\/product\/1703","targetHints":{"allow":["GET"]}}],"collection":[{"href":"https:\/\/viladoconde.com\/en\/wp-json\/wp\/v2\/product"}],"about":[{"href":"https:\/\/viladoconde.com\/en\/wp-json\/wp\/v2\/types\/product"}],"wp:featuredmedia":[{"embeddable":true,"href":"https:\/\/viladoconde.com\/en\/wp-json\/wp\/v2\/media\/6006"}],"wp:attachment":[{"href":"https:\/\/viladoconde.com\/en\/wp-json\/wp\/v2\/media?parent=1703"}],"wp:term":[{"taxonomy":"product_cat","embeddable":true,"href":"https:\/\/viladoconde.com\/en\/wp-json\/wp\/v2\/product_cat?post=1703"},{"taxonomy":"product_tag","embeddable":true,"href":"https:\/\/viladoconde.com\/en\/wp-json\/wp\/v2\/product_tag?post=1703"}],"curies":[{"name":"wp","href":"https:\/\/api.w.org\/{rel}","templated":true}]}}