{"id":1709,"date":"2019-04-04T03:35:25","date_gmt":"2019-04-04T03:35:25","guid":{"rendered":"http:\/\/viladoconde.com\/?post_type=product&#038;p=1709"},"modified":"2019-07-15T12:08:32","modified_gmt":"2019-07-15T12:08:32","slug":"casas-notaveis-postal-de-movimento","status":"publish","type":"product","link":"https:\/\/viladoconde.com\/en\/produto\/casas-notaveis-postal-de-movimento\/","title":{"rendered":"Casas Not\u00e1veis &#8211; postal de movimento"},"content":{"rendered":"","protected":false},"excerpt":{"rendered":"<p><strong>Edi\u00e7\u00e3o\/Colec\u00e7\u00e3o<\/strong>: Union Postale Universelle \/ Mercearia Central &#8211; Jo\u00e3o da Costa Torres<br \/>\n<strong>Descri\u00e7\u00e3o<\/strong>: postal de movimento (ou mec\u00e2nico). &#8220;Capa&#8221; com as casas onde residiram Camilo Castelo Branco, Antero de Quental, E\u00e7a de Queiroz e Guerra Junqueiro.<\/p>\n","protected":false},"featured_media":1657,"template":"","meta":[],"product_cat":[73],"product_tag":[123,188,82,121,181,195,150],"class_list":["post-1709","product","type-product","status-publish","has-post-thumbnail","hentry","product_cat-postais-fotos-imagens","product_tag-antero","product_tag-camilo","product_tag-casa","product_tag-eca","product_tag-junqueiro","product_tag-mecanico","product_tag-torres"],"_links":{"self":[{"href":"https:\/\/viladoconde.com\/en\/wp-json\/wp\/v2\/product\/1709","targetHints":{"allow":["GET"]}}],"collection":[{"href":"https:\/\/viladoconde.com\/en\/wp-json\/wp\/v2\/product"}],"about":[{"href":"https:\/\/viladoconde.com\/en\/wp-json\/wp\/v2\/types\/product"}],"wp:featuredmedia":[{"embeddable":true,"href":"https:\/\/viladoconde.com\/en\/wp-json\/wp\/v2\/media\/1657"}],"wp:attachment":[{"href":"https:\/\/viladoconde.com\/en\/wp-json\/wp\/v2\/media?parent=1709"}],"wp:term":[{"taxonomy":"product_cat","embeddable":true,"href":"https:\/\/viladoconde.com\/en\/wp-json\/wp\/v2\/product_cat?post=1709"},{"taxonomy":"product_tag","embeddable":true,"href":"https:\/\/viladoconde.com\/en\/wp-json\/wp\/v2\/product_tag?post=1709"}],"curies":[{"name":"wp","href":"https:\/\/api.w.org\/{rel}","templated":true}]}}