{"id":1766,"date":"2019-04-04T13:39:36","date_gmt":"2019-04-04T13:39:36","guid":{"rendered":"http:\/\/viladoconde.com\/?post_type=product&#038;p=1766"},"modified":"2020-12-09T11:51:03","modified_gmt":"2020-12-09T11:51:03","slug":"praia-de-vila-do-conde-vista-geral-postal-diptico","status":"publish","type":"product","link":"https:\/\/viladoconde.com\/en\/produto\/praia-de-vila-do-conde-vista-geral-postal-diptico\/","title":{"rendered":"Praia de Vila do Conde &#8211;\u00a0Vista Geral &#8211; postal d\u00edptico"},"content":{"rendered":"","protected":false},"excerpt":{"rendered":"<p><strong>Edi\u00e7\u00e3o\/Colec\u00e7\u00e3o<\/strong>: UPU \/ Mercearia Central \u2013 Jo\u00e3o da Costa Torres (colorido)<br \/>\n<strong>Descri\u00e7\u00e3o<\/strong>: postal d\u00edptico (dobrado em em dois) do panorama de Vila do Conde, visto desde o Monte Santana, desde a <a href=\"https:\/\/viladoconde.com\/capela-nossa-senhora-do-socorro\/\" target=\"_blank\" rel=\"noopener noreferrer\">Capela do Socorro<\/a> at\u00e9 ao <a href=\"https:\/\/viladoconde.com\/aqueduto-de-santa-clara\/\" target=\"_blank\" rel=\"noopener noreferrer\">aqueduto<\/a><\/p>\n","protected":false},"featured_media":1717,"template":"","meta":[],"product_cat":[73],"product_tag":[92,133,74,106,76,285,152],"class_list":["post-1766","product","type-product","status-publish","has-post-thumbnail","hentry","product_cat-postais-fotos-imagens","product_tag-aqueduto","product_tag-azenha-vila","product_tag-mosteiro","product_tag-socorro","product_tag-terreiro","product_tag-torres-colorido","product_tag-upu"],"_links":{"self":[{"href":"https:\/\/viladoconde.com\/en\/wp-json\/wp\/v2\/product\/1766","targetHints":{"allow":["GET"]}}],"collection":[{"href":"https:\/\/viladoconde.com\/en\/wp-json\/wp\/v2\/product"}],"about":[{"href":"https:\/\/viladoconde.com\/en\/wp-json\/wp\/v2\/types\/product"}],"wp:featuredmedia":[{"embeddable":true,"href":"https:\/\/viladoconde.com\/en\/wp-json\/wp\/v2\/media\/1717"}],"wp:attachment":[{"href":"https:\/\/viladoconde.com\/en\/wp-json\/wp\/v2\/media?parent=1766"}],"wp:term":[{"taxonomy":"product_cat","embeddable":true,"href":"https:\/\/viladoconde.com\/en\/wp-json\/wp\/v2\/product_cat?post=1766"},{"taxonomy":"product_tag","embeddable":true,"href":"https:\/\/viladoconde.com\/en\/wp-json\/wp\/v2\/product_tag?post=1766"}],"curies":[{"name":"wp","href":"https:\/\/api.w.org\/{rel}","templated":true}]}}