{"id":1800,"date":"2019-04-06T15:37:49","date_gmt":"2019-04-06T15:37:49","guid":{"rendered":"http:\/\/viladoconde.com\/?post_type=product&#038;p=1800"},"modified":"2021-03-14T15:39:56","modified_gmt":"2021-03-14T15:39:56","slug":"cartulario-do-mosteiro-de-santa-clara-de-vila-do-conde-livro","status":"publish","type":"product","link":"https:\/\/viladoconde.com\/en\/produto\/cartulario-do-mosteiro-de-santa-clara-de-vila-do-conde-livro\/","title":{"rendered":"Cartul\u00e1rio do Mosteiro de Santa Clara de Vila do Conde"},"content":{"rendered":"","protected":false},"excerpt":{"rendered":"<p><strong>Autor<\/strong>: Associa\u00e7\u00e3o Comercial e Industrial de Vila do Conde<br \/>\n<strong>Ano<\/strong>: 1986<br \/>\n<strong>Descri\u00e7\u00e3o<\/strong>: edi\u00e7\u00e3o Fac-similada de Carlos Tarouca &#8211; Revista de Arqueologia e Hist\u00f3ria, 8\u00aa s\u00e9rie &#8211; Volume IV (1947)<\/p>\n","protected":false},"featured_media":6109,"template":"","meta":[],"product_cat":[148],"product_tag":[],"class_list":["post-1800","product","type-product","status-publish","has-post-thumbnail","hentry","product_cat-livros-publicacoes"],"_links":{"self":[{"href":"https:\/\/viladoconde.com\/en\/wp-json\/wp\/v2\/product\/1800","targetHints":{"allow":["GET"]}}],"collection":[{"href":"https:\/\/viladoconde.com\/en\/wp-json\/wp\/v2\/product"}],"about":[{"href":"https:\/\/viladoconde.com\/en\/wp-json\/wp\/v2\/types\/product"}],"wp:featuredmedia":[{"embeddable":true,"href":"https:\/\/viladoconde.com\/en\/wp-json\/wp\/v2\/media\/6109"}],"wp:attachment":[{"href":"https:\/\/viladoconde.com\/en\/wp-json\/wp\/v2\/media?parent=1800"}],"wp:term":[{"taxonomy":"product_cat","embeddable":true,"href":"https:\/\/viladoconde.com\/en\/wp-json\/wp\/v2\/product_cat?post=1800"},{"taxonomy":"product_tag","embeddable":true,"href":"https:\/\/viladoconde.com\/en\/wp-json\/wp\/v2\/product_tag?post=1800"}],"curies":[{"name":"wp","href":"https:\/\/api.w.org\/{rel}","templated":true}]}}