{"id":1802,"date":"2019-04-06T15:44:17","date_gmt":"2019-04-06T15:44:17","guid":{"rendered":"http:\/\/viladoconde.com\/?post_type=product&#038;p=1802"},"modified":"2021-03-02T03:52:37","modified_gmt":"2021-03-02T03:52:37","slug":"subsidios-para-uma-monografia-de-vila-do-conde","status":"publish","type":"product","link":"https:\/\/viladoconde.com\/en\/produto\/subsidios-para-uma-monografia-de-vila-do-conde\/","title":{"rendered":"Subs\u00eddios para uma Monografia de Vila do Conde"},"content":{"rendered":"","protected":false},"excerpt":{"rendered":"<p><strong>Autor<\/strong>: Bertino Daciano \/ Eug\u00e9nio da Cunha e Freitas<br \/>\n<strong>Ano<\/strong>: 1953<br \/>\n<strong>Descri\u00e7\u00e3o<\/strong>: compila\u00e7\u00e3o de v\u00e1rios artigos de dois dos maiores historiadores que investigaram <a href=\"https:\/\/viladoconde.com\/\" target=\"_blank\" rel=\"noopener noreferrer\">Vila do Conde<\/a><\/p>\n","protected":false},"featured_media":6069,"template":"","meta":[],"product_cat":[148],"product_tag":[],"class_list":["post-1802","product","type-product","status-publish","has-post-thumbnail","hentry","product_cat-livros-publicacoes"],"_links":{"self":[{"href":"https:\/\/viladoconde.com\/en\/wp-json\/wp\/v2\/product\/1802","targetHints":{"allow":["GET"]}}],"collection":[{"href":"https:\/\/viladoconde.com\/en\/wp-json\/wp\/v2\/product"}],"about":[{"href":"https:\/\/viladoconde.com\/en\/wp-json\/wp\/v2\/types\/product"}],"wp:featuredmedia":[{"embeddable":true,"href":"https:\/\/viladoconde.com\/en\/wp-json\/wp\/v2\/media\/6069"}],"wp:attachment":[{"href":"https:\/\/viladoconde.com\/en\/wp-json\/wp\/v2\/media?parent=1802"}],"wp:term":[{"taxonomy":"product_cat","embeddable":true,"href":"https:\/\/viladoconde.com\/en\/wp-json\/wp\/v2\/product_cat?post=1802"},{"taxonomy":"product_tag","embeddable":true,"href":"https:\/\/viladoconde.com\/en\/wp-json\/wp\/v2\/product_tag?post=1802"}],"curies":[{"name":"wp","href":"https:\/\/api.w.org\/{rel}","templated":true}]}}